{"id":11574,"date":"2023-10-18T11:28:12","date_gmt":"2023-10-18T11:28:12","guid":{"rendered":"http:\/\/iternumdigital.itm-dev.dk\/white-paper\/"},"modified":"2025-03-27T14:26:57","modified_gmt":"2025-03-27T14:26:57","slug":"e-bog","status":"publish","type":"page","link":"https:\/\/iternumdigital.com\/da\/e-bog\/","title":{"rendered":"E-b\u00f8ger"},"content":{"rendered":"\t\t<div data-elementor-type=\"wp-page\" data-elementor-id=\"11574\" class=\"elementor elementor-11574 elementor-7027\" data-elementor-post-type=\"page\">\n\t\t\t\t<div class=\"elementor-element elementor-element-8b3dc91 e-flex e-con-boxed e-con e-parent\" data-id=\"8b3dc91\" data-element_type=\"container\" data-e-type=\"container\">\n\t\t\t\t\t<div class=\"e-con-inner\">\n\t\t<div class=\"elementor-element elementor-element-383004f e-con-full e-flex e-con e-child\" data-id=\"383004f\" data-element_type=\"container\" data-e-type=\"container\">\n\t\t\t\t<div class=\"elementor-element elementor-element-b964581 elementor-widget__width-initial elementor-widget elementor-widget-heading\" data-id=\"b964581\" data-element_type=\"widget\" data-e-type=\"widget\" data-widget_type=\"heading.default\">\n\t\t\t\t<div class=\"elementor-widget-container\">\n\t\t\t\t\t<h2 class=\"elementor-heading-title elementor-size-default\">E-b\u00f8ger<\/h2>\t\t\t\t<\/div>\n\t\t\t\t<\/div>\n\t\t\t\t<\/div>\n\t\t<div class=\"elementor-element elementor-element-1f881b3 e-flex e-con-boxed e-con e-child\" data-id=\"1f881b3\" data-element_type=\"container\" data-e-type=\"container\">\n\t\t\t\t\t<div class=\"e-con-inner\">\n\t\t\t\t<div class=\"elementor-element elementor-element-bf8cce3 elementor-widget elementor-widget-text-editor\" data-id=\"bf8cce3\" data-element_type=\"widget\" data-e-type=\"widget\" data-widget_type=\"text-editor.default\">\n\t\t\t\t<div class=\"elementor-widget-container\">\n\t\t\t\t\t\t\t\t\tVores e-b\u00f8ger og whitepapers er skabt til dig, der \u00f8nsker konkrete indsigter, strategier og v\u00e6rkt\u00f8jer, du kan bruge direkte i dit arbejde. Uanset om du er ny i feltet eller en erfaren specialist, finder du v\u00e6rdifuld viden, der kan hj\u00e6lpe dig med at tage din forretning til n\u00e6ste niveau. Find det materiale, der matcher dine udfordringer \u2013 og f\u00e5 inspiration til at skabe resultater med det samme.  \n\n\n\n\n\n\t\t\t\t\t\t\t\t<\/div>\n\t\t\t\t<\/div>\n\t\t\t\t\t<\/div>\n\t\t\t\t<\/div>\n\t\t\t\t\t<\/div>\n\t\t\t\t<\/div>\n\t\t<div class=\"elementor-element elementor-element-0e8d75c e-flex e-con-boxed e-con e-parent\" data-id=\"0e8d75c\" data-element_type=\"container\" data-e-type=\"container\">\n\t\t\t\t\t<div class=\"e-con-inner\">\n\t\t\t\t<div class=\"elementor-element elementor-element-c99e14f elementor-widget elementor-widget-jet-listing-grid\" data-id=\"c99e14f\" data-element_type=\"widget\" data-e-type=\"widget\" data-settings=\"{&quot;columns_tablet&quot;:&quot;2&quot;,&quot;columns_mobile&quot;:&quot;1&quot;,&quot;columns&quot;:3}\" data-widget_type=\"jet-listing-grid.default\">\n\t\t\t\t<div class=\"elementor-widget-container\">\n\t\t\t\t\t<div class=\"jet-listing-grid jet-listing-grid--lazy-load jet-listing jet-listing-grid-loading\" data-lazy-load=\"{&quot;offset&quot;:&quot;140px&quot;,&quot;post_id&quot;:11574,&quot;queried_id&quot;:&quot;11574|WP_Post&quot;}\"><div class=\"jet-listing-grid__loader\"><div class=\"jet-listing-grid__loader-spinner\"><\/div><\/div><\/div>\t\t\t\t<\/div>\n\t\t\t\t<\/div>\n\t\t\t\t\t<\/div>\n\t\t\t\t<\/div>\n\t\t<div class=\"elementor-element elementor-element-4a379d6 e-con-full elementor-hidden-desktop elementor-hidden-tablet_extra elementor-hidden-tablet elementor-hidden-mobile e-flex e-con e-parent\" data-id=\"4a379d6\" data-element_type=\"container\" data-e-type=\"container\">\n\t\t\t\t<div class=\"elementor-element elementor-element-338b80e elementor-widget elementor-widget-jet-listing-grid\" data-id=\"338b80e\" data-element_type=\"widget\" data-e-type=\"widget\" data-settings=\"{&quot;columns&quot;:&quot;1&quot;,&quot;columns_tablet&quot;:&quot;1&quot;}\" data-widget_type=\"jet-listing-grid.default\">\n\t\t\t\t<div class=\"elementor-widget-container\">\n\t\t\t\t\t<div class=\"jet-listing-grid jet-listing\"><div class=\"jet-listing-not-found jet-listing-grid__items\" data-nav=\"{&quot;enabled&quot;:false,&quot;type&quot;:null,&quot;more_el&quot;:null,&quot;query&quot;:[],&quot;widget_settings&quot;:{&quot;lisitng_id&quot;:7032,&quot;posts_num&quot;:6,&quot;columns&quot;:1,&quot;columns_tablet&quot;:1,&quot;columns_mobile&quot;:1,&quot;column_min_width&quot;:240,&quot;column_min_width_tablet&quot;:240,&quot;column_min_width_mobile&quot;:240,&quot;inline_columns_css&quot;:false,&quot;is_archive_template&quot;:&quot;&quot;,&quot;post_status&quot;:[&quot;publish&quot;],&quot;use_random_posts_num&quot;:&quot;&quot;,&quot;max_posts_num&quot;:9,&quot;not_found_message&quot;:&quot;Ingen white papers fundet&quot;,&quot;is_masonry&quot;:false,&quot;equal_columns_height&quot;:&quot;&quot;,&quot;use_load_more&quot;:&quot;&quot;,&quot;load_more_id&quot;:&quot;&quot;,&quot;load_more_type&quot;:&quot;click&quot;,&quot;load_more_offset&quot;:null,&quot;use_custom_post_types&quot;:&quot;yes&quot;,&quot;custom_post_types&quot;:[&quot;white-paper&quot;],&quot;hide_widget_if&quot;:&quot;&quot;,&quot;carousel_enabled&quot;:&quot;&quot;,&quot;slides_to_scroll&quot;:&quot;1&quot;,&quot;arrows&quot;:&quot;true&quot;,&quot;arrow_icon&quot;:&quot;fa fa-angle-left&quot;,&quot;dots&quot;:&quot;&quot;,&quot;autoplay&quot;:&quot;true&quot;,&quot;pause_on_hover&quot;:&quot;true&quot;,&quot;autoplay_speed&quot;:5000,&quot;infinite&quot;:&quot;true&quot;,&quot;center_mode&quot;:&quot;&quot;,&quot;effect&quot;:&quot;slide&quot;,&quot;speed&quot;:500,&quot;inject_alternative_items&quot;:&quot;&quot;,&quot;injection_items&quot;:[],&quot;scroll_slider_enabled&quot;:&quot;&quot;,&quot;scroll_slider_on&quot;:[&quot;desktop&quot;,&quot;tablet&quot;,&quot;mobile&quot;],&quot;custom_query&quot;:false,&quot;custom_query_id&quot;:&quot;&quot;,&quot;_element_id&quot;:&quot;&quot;,&quot;collapse_first_last_gap&quot;:false,&quot;list_tag_selection&quot;:&quot;&quot;,&quot;list_items_wrapper_tag&quot;:&quot;div&quot;,&quot;list_item_tag&quot;:&quot;div&quot;,&quot;empty_items_wrapper_tag&quot;:&quot;div&quot;}}\" data-listing-source=\"posts\" data-listing-id=\"7032\" data-query-id=\"\" data-queried-id=\"11574|WP_Post\">Ingen white papers fundet<\/div><\/div>\t\t\t\t<\/div>\n\t\t\t\t<\/div>\n\t\t\t\t<\/div>\n\t\t\t\t<\/div>\n\t\t","protected":false},"excerpt":{"rendered":"<p>E-b\u00f8ger Vores e-b\u00f8ger og whitepapers er skabt til dig, der \u00f8nsker konkrete indsigter, strategier og v\u00e6rkt\u00f8jer, du kan bruge direkte i dit arbejde. Uanset om du er ny i feltet eller en erfaren specialist, finder du v\u00e6rdifuld viden, der kan hj\u00e6lpe dig med at tage din forretning til n\u00e6ste niveau. Find det materiale, der matcher [&hellip;]<\/p>\n","protected":false},"author":1,"featured_media":23441,"parent":0,"menu_order":0,"comment_status":"closed","ping_status":"closed","template":"","meta":{"_acf_changed":false,"content-type":"","footnotes":""},"class_list":["post-11574","page","type-page","status-publish","has-post-thumbnail","hentry"],"acf":[],"yoast_head":"<!-- This site is optimized with the Yoast SEO plugin v27.5 - https:\/\/yoast.com\/product\/yoast-seo-wordpress\/ -->\n<title>E-b\u00f8ger om digital marketing | Gratis download | Iternum Digital<\/title>\n<meta name=\"description\" content=\"Download vores gratis e-bog og f\u00e5 indsigt i digital marketing, strategi og data. Perfekt til dig, der vil styrke din markedsf\u00f8ring og opn\u00e5 bedre resultater.\" \/>\n<meta name=\"robots\" content=\"index, follow, max-snippet:-1, max-image-preview:large, max-video-preview:-1\" \/>\n<link rel=\"canonical\" href=\"https:\/\/iternumdigital.com\/da\/e-bog\/\" \/>\n<meta property=\"og:locale\" content=\"da_DK\" \/>\n<meta property=\"og:type\" content=\"article\" \/>\n<meta property=\"og:title\" content=\"E-b\u00f8ger om digital marketing | Gratis download | Iternum Digital\" \/>\n<meta property=\"og:description\" content=\"Download vores gratis e-bog og f\u00e5 indsigt i digital marketing, strategi og data. Perfekt til dig, der vil styrke din markedsf\u00f8ring og opn\u00e5 bedre resultater.\" \/>\n<meta property=\"og:url\" content=\"https:\/\/iternumdigital.com\/da\/e-bog\/\" \/>\n<meta property=\"og:site_name\" content=\"Iternum Digital\" \/>\n<meta property=\"article:publisher\" content=\"https:\/\/www.facebook.com\/IternumDigital\" \/>\n<meta property=\"article:modified_time\" content=\"2025-03-27T14:26:57+00:00\" \/>\n<meta property=\"og:image\" content=\"https:\/\/iternumdigital.com\/wp-content\/uploads\/2024\/07\/Sadan-sikrer-du-et-korrekt-tracking-setup-pa-meta.jpg\" \/>\n\t<meta property=\"og:image:width\" content=\"660\" \/>\n\t<meta property=\"og:image:height\" content=\"700\" \/>\n\t<meta property=\"og:image:type\" content=\"image\/jpeg\" \/>\n<meta name=\"twitter:card\" content=\"summary_large_image\" \/>\n<script type=\"application\/ld+json\" class=\"yoast-schema-graph\">{\"@context\":\"https:\\\/\\\/schema.org\",\"@graph\":[{\"@type\":\"WebPage\",\"@id\":\"https:\\\/\\\/iternumdigital.com\\\/da\\\/e-bog\\\/\",\"url\":\"https:\\\/\\\/iternumdigital.com\\\/da\\\/e-bog\\\/\",\"name\":\"E-b\u00f8ger om digital marketing | Gratis download | Iternum Digital\",\"isPartOf\":{\"@id\":\"https:\\\/\\\/iternumdigital.com\\\/da\\\/#website\"},\"primaryImageOfPage\":{\"@id\":\"https:\\\/\\\/iternumdigital.com\\\/da\\\/e-bog\\\/#primaryimage\"},\"image\":{\"@id\":\"https:\\\/\\\/iternumdigital.com\\\/da\\\/e-bog\\\/#primaryimage\"},\"thumbnailUrl\":\"https:\\\/\\\/iternumdigital.com\\\/wp-content\\\/uploads\\\/2024\\\/07\\\/Sadan-sikrer-du-et-korrekt-tracking-setup-pa-meta.jpg\",\"datePublished\":\"2023-10-18T11:28:12+00:00\",\"dateModified\":\"2025-03-27T14:26:57+00:00\",\"description\":\"Download vores gratis e-bog og f\u00e5 indsigt i digital marketing, strategi og data. Perfekt til dig, der vil styrke din markedsf\u00f8ring og opn\u00e5 bedre resultater.\",\"breadcrumb\":{\"@id\":\"https:\\\/\\\/iternumdigital.com\\\/da\\\/e-bog\\\/#breadcrumb\"},\"inLanguage\":\"da-DK\",\"potentialAction\":[{\"@type\":\"ReadAction\",\"target\":[\"https:\\\/\\\/iternumdigital.com\\\/da\\\/e-bog\\\/\"]}]},{\"@type\":\"ImageObject\",\"inLanguage\":\"da-DK\",\"@id\":\"https:\\\/\\\/iternumdigital.com\\\/da\\\/e-bog\\\/#primaryimage\",\"url\":\"https:\\\/\\\/iternumdigital.com\\\/wp-content\\\/uploads\\\/2024\\\/07\\\/Sadan-sikrer-du-et-korrekt-tracking-setup-pa-meta.jpg\",\"contentUrl\":\"https:\\\/\\\/iternumdigital.com\\\/wp-content\\\/uploads\\\/2024\\\/07\\\/Sadan-sikrer-du-et-korrekt-tracking-setup-pa-meta.jpg\",\"width\":660,\"height\":700},{\"@type\":\"BreadcrumbList\",\"@id\":\"https:\\\/\\\/iternumdigital.com\\\/da\\\/e-bog\\\/#breadcrumb\",\"itemListElement\":[{\"@type\":\"ListItem\",\"position\":1,\"name\":\"Home\",\"item\":\"https:\\\/\\\/iternumdigital.com\\\/da\\\/home-v2-da\\\/\"},{\"@type\":\"ListItem\",\"position\":2,\"name\":\"E-b\u00f8ger\"}]},{\"@type\":\"WebSite\",\"@id\":\"https:\\\/\\\/iternumdigital.com\\\/da\\\/#website\",\"url\":\"https:\\\/\\\/iternumdigital.com\\\/da\\\/\",\"name\":\"Digital & Creative Agency\",\"description\":\"\",\"publisher\":{\"@id\":\"https:\\\/\\\/iternumdigital.com\\\/da\\\/#organization\"},\"potentialAction\":[{\"@type\":\"SearchAction\",\"target\":{\"@type\":\"EntryPoint\",\"urlTemplate\":\"https:\\\/\\\/iternumdigital.com\\\/da\\\/?s={search_term_string}\"},\"query-input\":{\"@type\":\"PropertyValueSpecification\",\"valueRequired\":true,\"valueName\":\"search_term_string\"}}],\"inLanguage\":\"da-DK\"},{\"@type\":\"Organization\",\"@id\":\"https:\\\/\\\/iternumdigital.com\\\/da\\\/#organization\",\"name\":\"Digital & Creative Agency\",\"url\":\"https:\\\/\\\/iternumdigital.com\\\/da\\\/\",\"logo\":{\"@type\":\"ImageObject\",\"inLanguage\":\"da-DK\",\"@id\":\"https:\\\/\\\/iternumdigital.com\\\/da\\\/#\\\/schema\\\/logo\\\/image\\\/\",\"url\":\"https:\\\/\\\/iternumdigital.com\\\/wp-content\\\/uploads\\\/2023\\\/09\\\/IternumDigital_logo_sort_300.webp\",\"contentUrl\":\"https:\\\/\\\/iternumdigital.com\\\/wp-content\\\/uploads\\\/2023\\\/09\\\/IternumDigital_logo_sort_300.webp\",\"width\":300,\"height\":32,\"caption\":\"Digital & Creative Agency\"},\"image\":{\"@id\":\"https:\\\/\\\/iternumdigital.com\\\/da\\\/#\\\/schema\\\/logo\\\/image\\\/\"},\"sameAs\":[\"https:\\\/\\\/www.facebook.com\\\/IternumDigital\"]}]}<\/script>\n<!-- \/ Yoast SEO plugin. -->","yoast_head_json":{"title":"E-b\u00f8ger om digital marketing | Gratis download | Iternum Digital","description":"Download vores gratis e-bog og f\u00e5 indsigt i digital marketing, strategi og data. Perfekt til dig, der vil styrke din markedsf\u00f8ring og opn\u00e5 bedre resultater.","robots":{"index":"index","follow":"follow","max-snippet":"max-snippet:-1","max-image-preview":"max-image-preview:large","max-video-preview":"max-video-preview:-1"},"canonical":"https:\/\/iternumdigital.com\/da\/e-bog\/","og_locale":"da_DK","og_type":"article","og_title":"E-b\u00f8ger om digital marketing | Gratis download | Iternum Digital","og_description":"Download vores gratis e-bog og f\u00e5 indsigt i digital marketing, strategi og data. Perfekt til dig, der vil styrke din markedsf\u00f8ring og opn\u00e5 bedre resultater.","og_url":"https:\/\/iternumdigital.com\/da\/e-bog\/","og_site_name":"Iternum Digital","article_publisher":"https:\/\/www.facebook.com\/IternumDigital","article_modified_time":"2025-03-27T14:26:57+00:00","og_image":[{"width":660,"height":700,"url":"https:\/\/iternumdigital.com\/wp-content\/uploads\/2024\/07\/Sadan-sikrer-du-et-korrekt-tracking-setup-pa-meta.jpg","type":"image\/jpeg"}],"twitter_card":"summary_large_image","schema":{"@context":"https:\/\/schema.org","@graph":[{"@type":"WebPage","@id":"https:\/\/iternumdigital.com\/da\/e-bog\/","url":"https:\/\/iternumdigital.com\/da\/e-bog\/","name":"E-b\u00f8ger om digital marketing | Gratis download | Iternum Digital","isPartOf":{"@id":"https:\/\/iternumdigital.com\/da\/#website"},"primaryImageOfPage":{"@id":"https:\/\/iternumdigital.com\/da\/e-bog\/#primaryimage"},"image":{"@id":"https:\/\/iternumdigital.com\/da\/e-bog\/#primaryimage"},"thumbnailUrl":"https:\/\/iternumdigital.com\/wp-content\/uploads\/2024\/07\/Sadan-sikrer-du-et-korrekt-tracking-setup-pa-meta.jpg","datePublished":"2023-10-18T11:28:12+00:00","dateModified":"2025-03-27T14:26:57+00:00","description":"Download vores gratis e-bog og f\u00e5 indsigt i digital marketing, strategi og data. Perfekt til dig, der vil styrke din markedsf\u00f8ring og opn\u00e5 bedre resultater.","breadcrumb":{"@id":"https:\/\/iternumdigital.com\/da\/e-bog\/#breadcrumb"},"inLanguage":"da-DK","potentialAction":[{"@type":"ReadAction","target":["https:\/\/iternumdigital.com\/da\/e-bog\/"]}]},{"@type":"ImageObject","inLanguage":"da-DK","@id":"https:\/\/iternumdigital.com\/da\/e-bog\/#primaryimage","url":"https:\/\/iternumdigital.com\/wp-content\/uploads\/2024\/07\/Sadan-sikrer-du-et-korrekt-tracking-setup-pa-meta.jpg","contentUrl":"https:\/\/iternumdigital.com\/wp-content\/uploads\/2024\/07\/Sadan-sikrer-du-et-korrekt-tracking-setup-pa-meta.jpg","width":660,"height":700},{"@type":"BreadcrumbList","@id":"https:\/\/iternumdigital.com\/da\/e-bog\/#breadcrumb","itemListElement":[{"@type":"ListItem","position":1,"name":"Home","item":"https:\/\/iternumdigital.com\/da\/home-v2-da\/"},{"@type":"ListItem","position":2,"name":"E-b\u00f8ger"}]},{"@type":"WebSite","@id":"https:\/\/iternumdigital.com\/da\/#website","url":"https:\/\/iternumdigital.com\/da\/","name":"Digital & Creative Agency","description":"","publisher":{"@id":"https:\/\/iternumdigital.com\/da\/#organization"},"potentialAction":[{"@type":"SearchAction","target":{"@type":"EntryPoint","urlTemplate":"https:\/\/iternumdigital.com\/da\/?s={search_term_string}"},"query-input":{"@type":"PropertyValueSpecification","valueRequired":true,"valueName":"search_term_string"}}],"inLanguage":"da-DK"},{"@type":"Organization","@id":"https:\/\/iternumdigital.com\/da\/#organization","name":"Digital & Creative Agency","url":"https:\/\/iternumdigital.com\/da\/","logo":{"@type":"ImageObject","inLanguage":"da-DK","@id":"https:\/\/iternumdigital.com\/da\/#\/schema\/logo\/image\/","url":"https:\/\/iternumdigital.com\/wp-content\/uploads\/2023\/09\/IternumDigital_logo_sort_300.webp","contentUrl":"https:\/\/iternumdigital.com\/wp-content\/uploads\/2023\/09\/IternumDigital_logo_sort_300.webp","width":300,"height":32,"caption":"Digital & Creative Agency"},"image":{"@id":"https:\/\/iternumdigital.com\/da\/#\/schema\/logo\/image\/"},"sameAs":["https:\/\/www.facebook.com\/IternumDigital"]}]}},"_links":{"self":[{"href":"https:\/\/iternumdigital.com\/da\/wp-json\/wp\/v2\/pages\/11574","targetHints":{"allow":["GET"]}}],"collection":[{"href":"https:\/\/iternumdigital.com\/da\/wp-json\/wp\/v2\/pages"}],"about":[{"href":"https:\/\/iternumdigital.com\/da\/wp-json\/wp\/v2\/types\/page"}],"author":[{"embeddable":true,"href":"https:\/\/iternumdigital.com\/da\/wp-json\/wp\/v2\/users\/1"}],"replies":[{"embeddable":true,"href":"https:\/\/iternumdigital.com\/da\/wp-json\/wp\/v2\/comments?post=11574"}],"version-history":[{"count":2,"href":"https:\/\/iternumdigital.com\/da\/wp-json\/wp\/v2\/pages\/11574\/revisions"}],"predecessor-version":[{"id":23428,"href":"https:\/\/iternumdigital.com\/da\/wp-json\/wp\/v2\/pages\/11574\/revisions\/23428"}],"wp:featuredmedia":[{"embeddable":true,"href":"https:\/\/iternumdigital.com\/da\/wp-json\/wp\/v2\/media\/23441"}],"wp:attachment":[{"href":"https:\/\/iternumdigital.com\/da\/wp-json\/wp\/v2\/media?parent=11574"}],"curies":[{"name":"wp","href":"https:\/\/api.w.org\/{rel}","templated":true}]}}