{"id":15249,"date":"2024-06-17T12:14:22","date_gmt":"2024-06-17T12:14:22","guid":{"rendered":"https:\/\/iternumdigital.itm-dev.dk\/media-buying\/"},"modified":"2025-03-18T09:12:50","modified_gmt":"2025-03-18T09:12:50","slug":"media-buying","status":"publish","type":"page","link":"https:\/\/iternumdigital.com\/da\/media-buying\/","title":{"rendered":"Medieindk\u00f8b"},"content":{"rendered":"\t\t<div data-elementor-type=\"wp-page\" data-elementor-id=\"15249\" class=\"elementor elementor-15249 elementor-12163\" data-elementor-post-type=\"page\">\n\t\t\t\t<div class=\"elementor-element elementor-element-514b488 e-con-full e-flex e-con e-parent\" data-id=\"514b488\" data-element_type=\"container\" data-e-type=\"container\">\n\t\t<div class=\"elementor-element elementor-element-538caea e-con-full e-flex e-con e-child\" data-id=\"538caea\" data-element_type=\"container\" data-e-type=\"container\">\n\t\t\t\t<div class=\"elementor-element elementor-element-95664f2 elementor-widget__width-initial elementor-widget elementor-widget-heading\" data-id=\"95664f2\" data-element_type=\"widget\" data-e-type=\"widget\" data-widget_type=\"heading.default\">\n\t\t\t\t<div class=\"elementor-widget-container\">\n\t\t\t\t\t<h2 class=\"elementor-heading-title elementor-size-default\"><b>Medieindk\u00f8b<\/b> <i>hos Iternum Digital<\/i> <\/h2>\t\t\t\t<\/div>\n\t\t\t\t<\/div>\n\t\t\t\t<\/div>\n\t\t<div class=\"elementor-element elementor-element-4ba3eb1 e-flex e-con-boxed e-con e-child\" data-id=\"4ba3eb1\" data-element_type=\"container\" data-e-type=\"container\">\n\t\t\t\t\t<div class=\"e-con-inner\">\n\t\t\t\t<div class=\"elementor-element elementor-element-acbb26e elementor-widget elementor-widget-text-editor\" data-id=\"acbb26e\" data-element_type=\"widget\" data-e-type=\"widget\" data-widget_type=\"text-editor.default\">\n\t\t\t\t<div class=\"elementor-widget-container\">\n\t\t\t\t\t\t\t\t\t<p>Mediemarkedet er i konstant udvikling og det kan derfor v\u00e6re sv\u00e6rt at holde sig ajour. Hos Iternum Digital r\u00e5dgiver vi og indk\u00f8ber p\u00e5 tv\u00e6rs af de fleste medieplatforme &#8211; og s\u00f8rger samtidig for, at der er en r\u00f8d tr\u00e5d mellem alle dine online og offline medier, s\u00e5 du opn\u00e5r en synergieffekt mellem medierne. Vi har over 10 \u00e5rs erfaring med medieindk\u00f8b og planl\u00e6gning for b\u00e5de store og sm\u00e5 kunder. Med stordriftsfordele kan vi forhandle attraktive aftaler p\u00e5 alle de mest popul\u00e6re annoncepladser, s\u00e5 du f\u00e5r mest muligt ud af dit mediebudget, og vi garanterer samtidig 100% uafh\u00e6ngig medier\u00e5dgivning.   <\/p>\n<p>L\u00e6s mere om de forskellige platforme og vores mediek\u00f8bstjenester p\u00e5 nedenst\u00e5ende sider.<\/p>\n\t\t\t\t\t\t\t\t<\/div>\n\t\t\t\t<\/div>\n\t\t\t\t\t<\/div>\n\t\t\t\t<\/div>\n\t\t\t\t<\/div>\n\t\t<div class=\"elementor-element elementor-element-2f9f1e1 e-grid e-con-boxed e-con e-parent\" data-id=\"2f9f1e1\" data-element_type=\"container\" data-e-type=\"container\">\n\t\t\t\t\t<div class=\"e-con-inner\">\n\t\t<div class=\"elementor-element elementor-element-d90de7d e-con-full e-flex e-con e-child\" data-id=\"d90de7d\" data-element_type=\"container\" data-e-type=\"container\" data-settings=\"{&quot;background_background&quot;:&quot;classic&quot;}\">\n\t\t<a class=\"elementor-element elementor-element-c7d0246 e-flex e-con-boxed e-con e-child\" data-id=\"c7d0246\" data-element_type=\"container\" data-e-type=\"container\" data-settings=\"{&quot;background_background&quot;:&quot;classic&quot;}\" href=\"https:\/\/iternumdigital.com\/programmatic\/\">\n\t\t\t\t\t<div class=\"e-con-inner\">\n\t\t\t\t<div class=\"elementor-element elementor-element-3e8aa04 elementor-widget elementor-widget-heading\" data-id=\"3e8aa04\" data-element_type=\"widget\" data-e-type=\"widget\" data-widget_type=\"heading.default\">\n\t\t\t\t<div class=\"elementor-widget-container\">\n\t\t\t\t\t<p class=\"elementor-heading-title elementor-size-default\">Programmatic<\/p>\t\t\t\t<\/div>\n\t\t\t\t<\/div>\n\t\t\t\t<div class=\"elementor-element elementor-element-9d1986c elementor-view-default elementor-widget elementor-widget-icon\" data-id=\"9d1986c\" data-element_type=\"widget\" data-e-type=\"widget\" data-widget_type=\"icon.default\">\n\t\t\t\t<div class=\"elementor-widget-container\">\n\t\t\t\t\t\t\t<div class=\"elementor-icon-wrapper\">\n\t\t\t<div class=\"elementor-icon\">\n\t\t\t<i aria-hidden=\"true\" class=\"fas fa-long-arrow-alt-right\"><\/i>\t\t\t<\/div>\n\t\t<\/div>\n\t\t\t\t\t\t<\/div>\n\t\t\t\t<\/div>\n\t\t\t\t\t<\/div>\n\t\t\t\t<\/a>\n\t\t\t\t<\/div>\n\t\t<div class=\"elementor-element elementor-element-d641cce e-con-full e-flex e-con e-child\" data-id=\"d641cce\" data-element_type=\"container\" data-e-type=\"container\" data-settings=\"{&quot;background_background&quot;:&quot;classic&quot;}\">\n\t\t<a class=\"elementor-element elementor-element-eaa53d4 e-flex e-con-boxed e-con e-child\" data-id=\"eaa53d4\" data-element_type=\"container\" data-e-type=\"container\" data-settings=\"{&quot;background_background&quot;:&quot;classic&quot;}\" href=\"https:\/\/iternumdigital.com\/offline-media\/\">\n\t\t\t\t\t<div class=\"e-con-inner\">\n\t\t\t\t<div class=\"elementor-element elementor-element-b2b1591 elementor-widget elementor-widget-heading\" data-id=\"b2b1591\" data-element_type=\"widget\" data-e-type=\"widget\" data-widget_type=\"heading.default\">\n\t\t\t\t<div class=\"elementor-widget-container\">\n\t\t\t\t\t<p class=\"elementor-heading-title elementor-size-default\">Offline Medier<\/p>\t\t\t\t<\/div>\n\t\t\t\t<\/div>\n\t\t\t\t<div class=\"elementor-element elementor-element-ccac192 elementor-view-default elementor-widget elementor-widget-icon\" data-id=\"ccac192\" data-element_type=\"widget\" data-e-type=\"widget\" data-widget_type=\"icon.default\">\n\t\t\t\t<div class=\"elementor-widget-container\">\n\t\t\t\t\t\t\t<div class=\"elementor-icon-wrapper\">\n\t\t\t<div class=\"elementor-icon\">\n\t\t\t<i aria-hidden=\"true\" class=\"fas fa-long-arrow-alt-right\"><\/i>\t\t\t<\/div>\n\t\t<\/div>\n\t\t\t\t\t\t<\/div>\n\t\t\t\t<\/div>\n\t\t\t\t\t<\/div>\n\t\t\t\t<\/a>\n\t\t\t\t<\/div>\n\t\t<div class=\"elementor-element elementor-element-b705d99 e-con-full e-flex e-con e-child\" data-id=\"b705d99\" data-element_type=\"container\" data-e-type=\"container\" data-settings=\"{&quot;background_background&quot;:&quot;classic&quot;}\">\n\t\t<a class=\"elementor-element elementor-element-e919612 e-flex e-con-boxed e-con e-child\" data-id=\"e919612\" data-element_type=\"container\" data-e-type=\"container\" data-settings=\"{&quot;background_background&quot;:&quot;classic&quot;}\" href=\"https:\/\/iternumdigital.com\/streaming\/\">\n\t\t\t\t\t<div class=\"e-con-inner\">\n\t\t\t\t<div class=\"elementor-element elementor-element-98e9618 elementor-widget elementor-widget-heading\" data-id=\"98e9618\" data-element_type=\"widget\" data-e-type=\"widget\" data-widget_type=\"heading.default\">\n\t\t\t\t<div class=\"elementor-widget-container\">\n\t\t\t\t\t<p class=\"elementor-heading-title elementor-size-default\">Streaming<\/p>\t\t\t\t<\/div>\n\t\t\t\t<\/div>\n\t\t\t\t<div class=\"elementor-element elementor-element-b33aa38 elementor-view-default elementor-widget elementor-widget-icon\" data-id=\"b33aa38\" data-element_type=\"widget\" data-e-type=\"widget\" data-widget_type=\"icon.default\">\n\t\t\t\t<div class=\"elementor-widget-container\">\n\t\t\t\t\t\t\t<div class=\"elementor-icon-wrapper\">\n\t\t\t<div class=\"elementor-icon\">\n\t\t\t<i aria-hidden=\"true\" class=\"fas fa-long-arrow-alt-right\"><\/i>\t\t\t<\/div>\n\t\t<\/div>\n\t\t\t\t\t\t<\/div>\n\t\t\t\t<\/div>\n\t\t\t\t\t<\/div>\n\t\t\t\t<\/a>\n\t\t\t\t<\/div>\n\t\t\t\t\t<\/div>\n\t\t\t\t<\/div>\n\t\t<div class=\"elementor-element elementor-element-b0481e2 e-con-full e-flex e-con e-parent\" data-id=\"b0481e2\" data-element_type=\"container\" data-e-type=\"container\" data-settings=\"{&quot;background_background&quot;:&quot;classic&quot;}\">\n\t\t<div class=\"elementor-element elementor-element-12a2b92 e-con-full e-flex e-con e-child\" data-id=\"12a2b92\" data-element_type=\"container\" data-e-type=\"container\">\n\t\t\t\t<div class=\"elementor-element elementor-element-be50263 elementor-widget elementor-widget-heading\" data-id=\"be50263\" data-element_type=\"widget\" data-e-type=\"widget\" data-widget_type=\"heading.default\">\n\t\t\t\t<div class=\"elementor-widget-container\">\n\t\t\t\t\t<h2 class=\"elementor-heading-title elementor-size-default\"><b>M\u00f8d vores<\/b> <i>Medieindk\u00f8b<\/i> <b>team<\/b><\/h2>\t\t\t\t<\/div>\n\t\t\t\t<\/div>\n\t\t\t\t<\/div>\n\t\t<div class=\"elementor-element elementor-element-9342167 e-con-full e-flex e-con e-child\" data-id=\"9342167\" data-element_type=\"container\" data-e-type=\"container\">\n\t\t\t\t<div class=\"elementor-element elementor-element-f8b311a elementor-pagination-type-progressbar elementor-arrows-position-inside elementor-widget elementor-widget-loop-carousel\" data-id=\"f8b311a\" data-element_type=\"widget\" data-e-type=\"widget\" data-settings=\"{&quot;pagination&quot;:&quot;progressbar&quot;,&quot;image_spacing_custom&quot;:{&quot;unit&quot;:&quot;px&quot;,&quot;size&quot;:25,&quot;sizes&quot;:[]},&quot;slides_to_show&quot;:&quot;4&quot;,&quot;template_id&quot;:10498,&quot;image_spacing_custom_tablet&quot;:{&quot;unit&quot;:&quot;px&quot;,&quot;size&quot;:20,&quot;sizes&quot;:[]},&quot;_skin&quot;:&quot;post&quot;,&quot;slides_to_show_tablet_extra&quot;:&quot;3&quot;,&quot;slides_to_show_tablet&quot;:&quot;2&quot;,&quot;slides_to_show_mobile&quot;:&quot;1&quot;,&quot;slides_to_scroll&quot;:&quot;1&quot;,&quot;edit_handle_selector&quot;:&quot;.elementor-loop-container&quot;,&quot;speed&quot;:500,&quot;arrows&quot;:&quot;yes&quot;,&quot;image_spacing_custom_tablet_extra&quot;:{&quot;unit&quot;:&quot;px&quot;,&quot;size&quot;:&quot;&quot;,&quot;sizes&quot;:[]},&quot;image_spacing_custom_mobile&quot;:{&quot;unit&quot;:&quot;px&quot;,&quot;size&quot;:&quot;&quot;,&quot;sizes&quot;:[]}}\" data-widget_type=\"loop-carousel.post\">\n\t\t\t\t<div class=\"elementor-widget-container\">\n\t\t\t\t\t\t\t<div class=\"swiper elementor-loop-container elementor-grid\" role=\"list\" dir=\"ltr\">\n\t\t\t\t<div class=\"swiper-wrapper\" aria-live=\"polite\">\n\t\t<style id=\"loop-10498\">.elementor-10498 .elementor-element.elementor-element-828f03f{--display:flex;--justify-content:flex-end;--align-items:stretch;--container-widget-width:calc( ( 1 - var( --container-widget-flex-grow ) ) * 100% );--gap:0px 0px;--row-gap:0px;--column-gap:0px;--padding-top:0px;--padding-bottom:0px;--padding-left:0px;--padding-right:0px;}.elementor-10498 .elementor-element.elementor-element-828f03f.e-con{--align-self:stretch;}.elementor-widget-image .widget-image-caption{color:var( --e-global-color-text );font-family:var( --e-global-typography-text-font-family ), Sans-serif;font-size:var( --e-global-typography-text-font-size );font-weight:var( --e-global-typography-text-font-weight );}.elementor-10498 .elementor-element.elementor-element-e089dd7{--display:flex;--flex-direction:column;--container-widget-width:calc( ( 1 - var( --container-widget-flex-grow ) ) * 100% );--container-widget-height:initial;--container-widget-flex-grow:0;--container-widget-align-self:initial;--flex-wrap-mobile:wrap;--justify-content:space-between;--align-items:flex-start;--gap:5px 5px;--row-gap:5px;--column-gap:5px;--background-transition:0.3s;--padding-top:15px;--padding-bottom:15px;--padding-left:15px;--padding-right:15px;--position:absolute;bottom:0px;}.elementor-10498 .elementor-element.elementor-element-e089dd7:not(.elementor-motion-effects-element-type-background), .elementor-10498 .elementor-element.elementor-element-e089dd7 > .elementor-motion-effects-container > .elementor-motion-effects-layer{background-color:var( --e-global-color-802bfc5 );}.elementor-10498 .elementor-element.elementor-element-e089dd7:hover{background-color:var( --e-global-color-secondary );}body:not(.rtl) .elementor-10498 .elementor-element.elementor-element-e089dd7{left:0px;}body.rtl .elementor-10498 .elementor-element.elementor-element-e089dd7{right:0px;}.elementor-10498 .elementor-element.elementor-element-a8e8efa .jet-listing-dynamic-field__content{color:var( --e-global-color-813f01c );font-family:\"Montserrat\", Sans-serif;font-size:14px;font-weight:600;text-align:left;}.elementor-10498 .elementor-element.elementor-element-a8e8efa .jet-listing-dynamic-field .jet-listing-dynamic-field__inline-wrap{width:auto;}.elementor-10498 .elementor-element.elementor-element-a8e8efa .jet-listing-dynamic-field .jet-listing-dynamic-field__content{width:auto;}.elementor-10498 .elementor-element.elementor-element-a8e8efa .jet-listing-dynamic-field{justify-content:flex-start;}.elementor-10498 .elementor-element.elementor-element-11d8bd6 .jet-listing-dynamic-field__content{color:var( --e-global-color-813f01c );font-family:\"Montserrat\", Sans-serif;font-size:12px;font-weight:500;text-align:left;}.elementor-10498 .elementor-element.elementor-element-11d8bd6 .jet-listing-dynamic-field .jet-listing-dynamic-field__inline-wrap{width:auto;}.elementor-10498 .elementor-element.elementor-element-11d8bd6 .jet-listing-dynamic-field .jet-listing-dynamic-field__content{width:auto;}.elementor-10498 .elementor-element.elementor-element-11d8bd6 .jet-listing-dynamic-field{justify-content:flex-start;}@media(max-width:1024px){.elementor-widget-image .widget-image-caption{font-size:var( --e-global-typography-text-font-size );}}@media(max-width:767px){.elementor-widget-image .widget-image-caption{font-size:var( --e-global-typography-text-font-size );}}<\/style>\t\t<div data-elementor-type=\"loop-item\" data-elementor-id=\"10498\" class=\"elementor elementor-10498 elementor-5647 swiper-slide e-loop-item e-loop-item-10636 post-10636 employees type-employees status-publish has-post-thumbnail hentry departments-media-buying-da-2 departments-paid-search-da departments-partner-da departments-strategi\" data-elementor-post-type=\"elementor_library\" role=\"group\" aria-roledescription=\"slide\" data-custom-edit-handle=\"1\">\n\t\t\t<div class=\"elementor-element elementor-element-828f03f e-con-full e-flex e-con e-child\" data-id=\"828f03f\" data-element_type=\"container\" data-e-type=\"container\" data-settings=\"{&quot;background_background&quot;:&quot;classic&quot;}\">\n\t\t\t\t<div class=\"elementor-element elementor-element-dfbeff5 elementor-widget elementor-widget-image\" data-id=\"dfbeff5\" data-element_type=\"widget\" data-e-type=\"widget\" data-widget_type=\"image.default\">\n\t\t\t\t<div class=\"elementor-widget-container\">\n\t\t\t\t\t\t\t\t\t\t\t\t\t\t\t<img decoding=\"async\" width=\"560\" height=\"700\" src=\"https:\/\/iternumdigital.com\/wp-content\/uploads\/2024\/04\/medarbejderbillede-2024-Rasmus_endelig-560x700.jpg\" class=\"attachment-slider-thumb size-slider-thumb wp-image-9494\" alt=\"\" \/>\t\t\t\t\t\t\t\t\t\t\t\t\t\t\t<\/div>\n\t\t\t\t<\/div>\n\t\t<a class=\"elementor-element elementor-element-e089dd7 e-flex e-con-boxed e-con e-child\" data-id=\"e089dd7\" data-element_type=\"container\" data-e-type=\"container\" data-settings=\"{&quot;background_background&quot;:&quot;classic&quot;,&quot;position&quot;:&quot;absolute&quot;}\" href=\"https:\/\/iternumdigital.com\/da\/medarbejdere\/rasmus-wilke\/\">\n\t\t\t\t\t<div class=\"e-con-inner\">\n\t\t\t\t<div class=\"elementor-element elementor-element-a8e8efa elementor-widget elementor-widget-jet-listing-dynamic-field\" data-id=\"a8e8efa\" data-element_type=\"widget\" data-e-type=\"widget\" data-widget_type=\"jet-listing-dynamic-field.default\">\n\t\t\t\t<div class=\"elementor-widget-container\">\n\t\t\t\t\t<div class=\"jet-listing jet-listing-dynamic-field display-inline\"><div class=\"jet-listing-dynamic-field__inline-wrap\"><div class=\"jet-listing-dynamic-field__content\" >Rasmus Wilke<\/div><\/div><\/div>\t\t\t\t<\/div>\n\t\t\t\t<\/div>\n\t\t\t\t<div class=\"elementor-element elementor-element-11d8bd6 elementor-widget elementor-widget-jet-listing-dynamic-field\" data-id=\"11d8bd6\" data-element_type=\"widget\" data-e-type=\"widget\" data-widget_type=\"jet-listing-dynamic-field.default\">\n\t\t\t\t<div class=\"elementor-widget-container\">\n\t\t\t\t\t<div class=\"jet-listing jet-listing-dynamic-field display-inline\"><div class=\"jet-listing-dynamic-field__inline-wrap\"><div class=\"jet-listing-dynamic-field__content\" >Head of Media Buying &amp; Partner<\/div><\/div><\/div>\t\t\t\t<\/div>\n\t\t\t\t<\/div>\n\t\t\t\t\t<\/div>\n\t\t\t\t<\/a>\n\t\t\t\t<\/div>\n\t\t\t\t<\/div>\n\t\t\t\t<\/div>\n\t\t<\/div>\n\t\t\t\t\t<div class=\"elementor-swiper-button elementor-swiper-button-prev\" role=\"button\" tabindex=\"0\" aria-label=\"Tidligere\">\n\t\t\t\t<i aria-hidden=\"true\" class=\"eicon-chevron-left\"><\/i>\t\t\t<\/div>\n\t\t\t<div class=\"elementor-swiper-button elementor-swiper-button-next\" role=\"button\" tabindex=\"0\" aria-label=\"N\u00e6ste\">\n\t\t\t\t<i aria-hidden=\"true\" class=\"eicon-chevron-right\"><\/i>\t\t\t<\/div>\n\t\t\t\t\t<div class=\"swiper-pagination\"><\/div>\n\t\t\t\t\t\t<\/div>\n\t\t\t\t<\/div>\n\t\t\t\t<\/div>\n\t\t\t\t<\/div>\n\t\t\t\t<\/div>\n\t\t","protected":false},"excerpt":{"rendered":"<p>Medieindk\u00f8b hos Iternum Digital Mediemarkedet er i konstant udvikling og det kan derfor v\u00e6re sv\u00e6rt at holde sig ajour. Hos Iternum Digital r\u00e5dgiver vi og indk\u00f8ber p\u00e5 tv\u00e6rs af de fleste medieplatforme &#8211; og s\u00f8rger samtidig for, at der er en r\u00f8d tr\u00e5d mellem alle dine online og offline medier, s\u00e5 du opn\u00e5r en synergieffekt [&hellip;]<\/p>\n","protected":false},"author":1,"featured_media":0,"parent":0,"menu_order":0,"comment_status":"closed","ping_status":"closed","template":"","meta":{"_acf_changed":false,"content-type":"","footnotes":""},"class_list":["post-15249","page","type-page","status-publish","hentry"],"acf":[],"yoast_head":"<!-- This site is optimized with the Yoast SEO plugin v27.0 - https:\/\/yoast.com\/product\/yoast-seo-wordpress\/ -->\n<title>Media Buying | Indk\u00f8b af online og offline medier<\/title>\n<meta name=\"description\" content=\"Maksim\u00e9r din r\u00e6kkevidde med strategisk Media Buying. Iternum Digital hj\u00e6lper dig med effektivt indk\u00f8b af online og offline annoncering.\" \/>\n<meta name=\"robots\" content=\"index, follow, max-snippet:-1, max-image-preview:large, max-video-preview:-1\" \/>\n<link rel=\"canonical\" href=\"https:\/\/iternumdigital.com\/da\/media-buying\/\" \/>\n<meta property=\"og:locale\" content=\"da_DK\" \/>\n<meta property=\"og:type\" content=\"article\" \/>\n<meta property=\"og:title\" content=\"Media Buying | Indk\u00f8b af online og offline medier\" \/>\n<meta property=\"og:description\" content=\"Maksim\u00e9r din r\u00e6kkevidde med strategisk Media Buying. Iternum Digital hj\u00e6lper dig med effektivt indk\u00f8b af online og offline annoncering.\" \/>\n<meta property=\"og:url\" content=\"https:\/\/iternumdigital.com\/da\/media-buying\/\" \/>\n<meta property=\"og:site_name\" content=\"Iternum Digital\" \/>\n<meta property=\"article:publisher\" content=\"https:\/\/www.facebook.com\/IternumDigital\" \/>\n<meta property=\"article:modified_time\" content=\"2025-03-18T09:12:50+00:00\" \/>\n<meta name=\"twitter:card\" content=\"summary_large_image\" \/>\n<meta name=\"twitter:label1\" content=\"Estimeret l\u00e6setid\" \/>\n\t<meta name=\"twitter:data1\" content=\"1 minut\" \/>\n<script type=\"application\/ld+json\" class=\"yoast-schema-graph\">{\"@context\":\"https:\/\/schema.org\",\"@graph\":[{\"@type\":\"WebPage\",\"@id\":\"https:\/\/iternumdigital.com\/da\/media-buying\/\",\"url\":\"https:\/\/iternumdigital.com\/da\/media-buying\/\",\"name\":\"Media Buying | Indk\u00f8b af online og offline medier\",\"isPartOf\":{\"@id\":\"https:\/\/iternumdigital.com\/da\/#website\"},\"datePublished\":\"2024-06-17T12:14:22+00:00\",\"dateModified\":\"2025-03-18T09:12:50+00:00\",\"description\":\"Maksim\u00e9r din r\u00e6kkevidde med strategisk Media Buying. Iternum Digital hj\u00e6lper dig med effektivt indk\u00f8b af online og offline annoncering.\",\"breadcrumb\":{\"@id\":\"https:\/\/iternumdigital.com\/da\/media-buying\/#breadcrumb\"},\"inLanguage\":\"da-DK\",\"potentialAction\":[{\"@type\":\"ReadAction\",\"target\":[\"https:\/\/iternumdigital.com\/da\/media-buying\/\"]}]},{\"@type\":\"BreadcrumbList\",\"@id\":\"https:\/\/iternumdigital.com\/da\/media-buying\/#breadcrumb\",\"itemListElement\":[{\"@type\":\"ListItem\",\"position\":1,\"name\":\"Home\",\"item\":\"https:\/\/iternumdigital.com\/da\/home-v2-da\/\"},{\"@type\":\"ListItem\",\"position\":2,\"name\":\"Medieindk\u00f8b\"}]},{\"@type\":\"WebSite\",\"@id\":\"https:\/\/iternumdigital.com\/da\/#website\",\"url\":\"https:\/\/iternumdigital.com\/da\/\",\"name\":\"Digital & Creative Agency\",\"description\":\"\",\"publisher\":{\"@id\":\"https:\/\/iternumdigital.com\/da\/#organization\"},\"potentialAction\":[{\"@type\":\"SearchAction\",\"target\":{\"@type\":\"EntryPoint\",\"urlTemplate\":\"https:\/\/iternumdigital.com\/da\/?s={search_term_string}\"},\"query-input\":{\"@type\":\"PropertyValueSpecification\",\"valueRequired\":true,\"valueName\":\"search_term_string\"}}],\"inLanguage\":\"da-DK\"},{\"@type\":\"Organization\",\"@id\":\"https:\/\/iternumdigital.com\/da\/#organization\",\"name\":\"Digital & Creative Agency\",\"url\":\"https:\/\/iternumdigital.com\/da\/\",\"logo\":{\"@type\":\"ImageObject\",\"inLanguage\":\"da-DK\",\"@id\":\"https:\/\/iternumdigital.com\/da\/#\/schema\/logo\/image\/\",\"url\":\"https:\/\/iternumdigital.com\/wp-content\/uploads\/2023\/09\/IternumDigital_logo_sort_300.webp\",\"contentUrl\":\"https:\/\/iternumdigital.com\/wp-content\/uploads\/2023\/09\/IternumDigital_logo_sort_300.webp\",\"width\":300,\"height\":32,\"caption\":\"Digital & Creative Agency\"},\"image\":{\"@id\":\"https:\/\/iternumdigital.com\/da\/#\/schema\/logo\/image\/\"},\"sameAs\":[\"https:\/\/www.facebook.com\/IternumDigital\"]}]}<\/script>\n<!-- \/ Yoast SEO plugin. -->","yoast_head_json":{"title":"Media Buying | Indk\u00f8b af online og offline medier","description":"Maksim\u00e9r din r\u00e6kkevidde med strategisk Media Buying. Iternum Digital hj\u00e6lper dig med effektivt indk\u00f8b af online og offline annoncering.","robots":{"index":"index","follow":"follow","max-snippet":"max-snippet:-1","max-image-preview":"max-image-preview:large","max-video-preview":"max-video-preview:-1"},"canonical":"https:\/\/iternumdigital.com\/da\/media-buying\/","og_locale":"da_DK","og_type":"article","og_title":"Media Buying | Indk\u00f8b af online og offline medier","og_description":"Maksim\u00e9r din r\u00e6kkevidde med strategisk Media Buying. Iternum Digital hj\u00e6lper dig med effektivt indk\u00f8b af online og offline annoncering.","og_url":"https:\/\/iternumdigital.com\/da\/media-buying\/","og_site_name":"Iternum Digital","article_publisher":"https:\/\/www.facebook.com\/IternumDigital","article_modified_time":"2025-03-18T09:12:50+00:00","twitter_card":"summary_large_image","twitter_misc":{"Estimeret l\u00e6setid":"1 minut"},"schema":{"@context":"https:\/\/schema.org","@graph":[{"@type":"WebPage","@id":"https:\/\/iternumdigital.com\/da\/media-buying\/","url":"https:\/\/iternumdigital.com\/da\/media-buying\/","name":"Media Buying | Indk\u00f8b af online og offline medier","isPartOf":{"@id":"https:\/\/iternumdigital.com\/da\/#website"},"datePublished":"2024-06-17T12:14:22+00:00","dateModified":"2025-03-18T09:12:50+00:00","description":"Maksim\u00e9r din r\u00e6kkevidde med strategisk Media Buying. Iternum Digital hj\u00e6lper dig med effektivt indk\u00f8b af online og offline annoncering.","breadcrumb":{"@id":"https:\/\/iternumdigital.com\/da\/media-buying\/#breadcrumb"},"inLanguage":"da-DK","potentialAction":[{"@type":"ReadAction","target":["https:\/\/iternumdigital.com\/da\/media-buying\/"]}]},{"@type":"BreadcrumbList","@id":"https:\/\/iternumdigital.com\/da\/media-buying\/#breadcrumb","itemListElement":[{"@type":"ListItem","position":1,"name":"Home","item":"https:\/\/iternumdigital.com\/da\/home-v2-da\/"},{"@type":"ListItem","position":2,"name":"Medieindk\u00f8b"}]},{"@type":"WebSite","@id":"https:\/\/iternumdigital.com\/da\/#website","url":"https:\/\/iternumdigital.com\/da\/","name":"Digital & Creative Agency","description":"","publisher":{"@id":"https:\/\/iternumdigital.com\/da\/#organization"},"potentialAction":[{"@type":"SearchAction","target":{"@type":"EntryPoint","urlTemplate":"https:\/\/iternumdigital.com\/da\/?s={search_term_string}"},"query-input":{"@type":"PropertyValueSpecification","valueRequired":true,"valueName":"search_term_string"}}],"inLanguage":"da-DK"},{"@type":"Organization","@id":"https:\/\/iternumdigital.com\/da\/#organization","name":"Digital & Creative Agency","url":"https:\/\/iternumdigital.com\/da\/","logo":{"@type":"ImageObject","inLanguage":"da-DK","@id":"https:\/\/iternumdigital.com\/da\/#\/schema\/logo\/image\/","url":"https:\/\/iternumdigital.com\/wp-content\/uploads\/2023\/09\/IternumDigital_logo_sort_300.webp","contentUrl":"https:\/\/iternumdigital.com\/wp-content\/uploads\/2023\/09\/IternumDigital_logo_sort_300.webp","width":300,"height":32,"caption":"Digital & Creative Agency"},"image":{"@id":"https:\/\/iternumdigital.com\/da\/#\/schema\/logo\/image\/"},"sameAs":["https:\/\/www.facebook.com\/IternumDigital"]}]}},"_links":{"self":[{"href":"https:\/\/iternumdigital.com\/da\/wp-json\/wp\/v2\/pages\/15249","targetHints":{"allow":["GET"]}}],"collection":[{"href":"https:\/\/iternumdigital.com\/da\/wp-json\/wp\/v2\/pages"}],"about":[{"href":"https:\/\/iternumdigital.com\/da\/wp-json\/wp\/v2\/types\/page"}],"author":[{"embeddable":true,"href":"https:\/\/iternumdigital.com\/da\/wp-json\/wp\/v2\/users\/1"}],"replies":[{"embeddable":true,"href":"https:\/\/iternumdigital.com\/da\/wp-json\/wp\/v2\/comments?post=15249"}],"version-history":[{"count":1,"href":"https:\/\/iternumdigital.com\/da\/wp-json\/wp\/v2\/pages\/15249\/revisions"}],"predecessor-version":[{"id":23361,"href":"https:\/\/iternumdigital.com\/da\/wp-json\/wp\/v2\/pages\/15249\/revisions\/23361"}],"wp:attachment":[{"href":"https:\/\/iternumdigital.com\/da\/wp-json\/wp\/v2\/media?parent=15249"}],"curies":[{"name":"wp","href":"https:\/\/api.w.org\/{rel}","templated":true}]}}