{"id":22691,"date":"2025-02-10T16:41:07","date_gmt":"2025-02-10T16:41:07","guid":{"rendered":"https:\/\/iternumdigital.com\/umbraco-hosting\/"},"modified":"2025-02-10T17:34:29","modified_gmt":"2025-02-10T17:34:29","slug":"umbraco-hosting","status":"publish","type":"page","link":"https:\/\/iternumdigital.com\/da\/umbraco-hosting\/","title":{"rendered":"Umbraco hosting"},"content":{"rendered":"\t\t<div data-elementor-type=\"wp-page\" data-elementor-id=\"22691\" class=\"elementor elementor-22691 elementor-22668\" data-elementor-post-type=\"page\">\n\t\t\t\t<div class=\"elementor-element elementor-element-4819dca8 e-flex e-con-boxed e-con e-parent\" data-id=\"4819dca8\" data-element_type=\"container\" data-e-type=\"container\" data-settings=\"{&quot;background_background&quot;:&quot;classic&quot;}\">\n\t\t\t\t\t<div class=\"e-con-inner\">\n\t\t<div class=\"elementor-element elementor-element-4419cd8f e-con-full e-flex e-con e-child\" data-id=\"4419cd8f\" data-element_type=\"container\" data-e-type=\"container\">\n\t\t\t\t<div class=\"elementor-element elementor-element-7bb7c5c8 elementor-widget__width-initial elementor-widget elementor-widget-heading\" data-id=\"7bb7c5c8\" data-element_type=\"widget\" data-e-type=\"widget\" data-widget_type=\"heading.default\">\n\t\t\t\t<div class=\"elementor-widget-container\">\n\t\t\t\t\t<h2 class=\"elementor-heading-title elementor-size-default\"><b>Hosting<\/b> <i>pakker<\/i> <\/h2>\t\t\t\t<\/div>\n\t\t\t\t<\/div>\n\t\t\t\t<\/div>\n\t\t<div class=\"elementor-element elementor-element-35394557 e-flex e-con-boxed e-con e-child\" data-id=\"35394557\" data-element_type=\"container\" data-e-type=\"container\">\n\t\t\t\t\t<div class=\"e-con-inner\">\n\t\t\t\t<div class=\"elementor-element elementor-element-59f59510 elementor-widget elementor-widget-text-editor\" data-id=\"59f59510\" data-element_type=\"widget\" data-e-type=\"widget\" data-widget_type=\"text-editor.default\">\n\t\t\t\t<div class=\"elementor-widget-container\">\n\t\t\t\t\t\t\t\t\t<p>For b\u00e5de at leve op til de sk\u00e6rpede krav og vores egen ambition om at v\u00e6re p\u00e5 forkant med hostingen af Umbraco-hjemmesider, tilbyder vi vores kunder en af markedets bedste og sikreste hosting-l\u00f8sninger. Det betyder at vi kan sikre jer en fejlfri, sikker, hurtig og stabil hjemmeside uden nogen former for problemer. <\/p>\n<p>Vi opererer med 2 pakker, <em>Umbraco Premium<\/em> og <em>Professional<\/em>.<\/p>\n\t\t\t\t\t\t\t\t<\/div>\n\t\t\t\t<\/div>\n\t\t\t\t<div class=\"elementor-element elementor-element-56de52ee elementor-widget elementor-widget-n-accordion\" data-id=\"56de52ee\" data-element_type=\"widget\" data-e-type=\"widget\" data-settings=\"{&quot;default_state&quot;:&quot;expanded&quot;,&quot;max_items_expended&quot;:&quot;one&quot;,&quot;n_accordion_animation_duration&quot;:{&quot;unit&quot;:&quot;ms&quot;,&quot;size&quot;:400,&quot;sizes&quot;:[]}}\" data-widget_type=\"nested-accordion.default\">\n\t\t\t\t<div class=\"elementor-widget-container\">\n\t\t\t\t\t\t\t<div class=\"e-n-accordion\" aria-label=\"Accordion. Open links with Enter or Space, close with Escape, and navigate with Arrow Keys\">\n\t\t\t\t\t\t<details id=\"e-n-accordion-item-1450\" class=\"e-n-accordion-item\" open>\n\t\t\t\t<summary class=\"e-n-accordion-item-title\" data-accordion-index=\"1\" tabindex=\"0\" aria-expanded=\"true\" aria-controls=\"e-n-accordion-item-1450\" >\n\t\t\t\t\t<span class='e-n-accordion-item-title-header'><div class=\"e-n-accordion-item-title-text\">  <span class=\"hugeNumber\"> - <\/span>Umbraco Professional <\/div><\/span>\n\t\t\t\t\t\t\t<span class='e-n-accordion-item-title-icon'>\n\t\t\t<span class='e-opened' ><i aria-hidden=\"true\" class=\"fas fa-minus\"><\/i><\/span>\n\t\t\t<span class='e-closed'><i aria-hidden=\"true\" class=\"fas fa-chevron-down\"><\/i><\/span>\n\t\t<\/span>\n\n\t\t\t\t\t\t<\/summary>\n\t\t\t\t<div role=\"region\" aria-labelledby=\"e-n-accordion-item-1450\" class=\"elementor-element elementor-element-42f442c9 e-con-full e-flex e-con e-child\" data-id=\"42f442c9\" data-element_type=\"container\" data-e-type=\"container\">\n\t\t\t\t<div class=\"elementor-element elementor-element-550535b3 elementor-widget elementor-widget-text-editor\" data-id=\"550535b3\" data-element_type=\"widget\" data-e-type=\"widget\" data-widget_type=\"text-editor.default\">\n\t\t\t\t<div class=\"elementor-widget-container\">\n\t\t\t\t\t\t\t\t\t<p>Denne pakke har et st\u00f8rre support-team, l\u00f8bende opdateringer af Umbraco og det h\u00f8jeste niveau af sikkerhed. Hvis der eksempelvis opst\u00e5r en fejl i jeres system, s\u00e5 tager vi en backup af det fejlramte milj\u00f8, s\u00e5 alle jeres integrationer gemmes. Derefter integrerer vi den seneste backup af systemet, inden fejlen opstod, og genetablerer det fejlfri system. Desuden er I sikret support 24\/7 ved kritiske situationer og en responstid indenfor 24 timer. Alt support vil v\u00e6re p\u00e5 dansk. Hosting betales forud 6 mdr. og der er en opsigelsesfrist p\u00e5 ligeledes 6 m\u00e5neder.      <\/p>\n<p>DKK 999,-\/md.<\/p>\n\t\t\t\t\t\t\t\t<\/div>\n\t\t\t\t<\/div>\n\t\t\t\t<\/div>\n\t\t\t\t\t<\/details>\n\t\t\t\t\t\t<details id=\"e-n-accordion-item-1451\" class=\"e-n-accordion-item\" >\n\t\t\t\t<summary class=\"e-n-accordion-item-title\" data-accordion-index=\"2\" tabindex=\"-1\" aria-expanded=\"false\" aria-controls=\"e-n-accordion-item-1451\" >\n\t\t\t\t\t<span class='e-n-accordion-item-title-header'><div class=\"e-n-accordion-item-title-text\">  <span class=\"hugeNumber\"> - <\/span>Umbraco Premium <\/div><\/span>\n\t\t\t\t\t\t\t<span class='e-n-accordion-item-title-icon'>\n\t\t\t<span class='e-opened' ><i aria-hidden=\"true\" class=\"fas fa-minus\"><\/i><\/span>\n\t\t\t<span class='e-closed'><i aria-hidden=\"true\" class=\"fas fa-chevron-down\"><\/i><\/span>\n\t\t<\/span>\n\n\t\t\t\t\t\t<\/summary>\n\t\t\t\t<div role=\"region\" aria-labelledby=\"e-n-accordion-item-1451\" class=\"elementor-element elementor-element-5d2dce9c e-con-full e-flex e-con e-child\" data-id=\"5d2dce9c\" data-element_type=\"container\" data-e-type=\"container\">\n\t\t\t\t<div class=\"elementor-element elementor-element-56c88f0b elementor-widget elementor-widget-text-editor\" data-id=\"56c88f0b\" data-element_type=\"widget\" data-e-type=\"widget\" data-widget_type=\"text-editor.default\">\n\t\t\t\t<div class=\"elementor-widget-container\">\n\t\t\t\t\t\t\t\t\t<p>Denne pakke sikrer l\u00f8bende opdatering af Umbraco, support 24\/7 ved kritiske situationer og en responstid indenfor 24 timer. Alt support vil v\u00e6re p\u00e5 dansk. Hosting betales forud 6 mdr. og der er en opsigelsesfrist p\u00e5 ligeledes 6 m\u00e5neder.   <\/p>\n<p>DKK 599,-\/md.<\/p>\n\t\t\t\t\t\t\t\t<\/div>\n\t\t\t\t<\/div>\n\t\t\t\t<\/div>\n\t\t\t\t\t<\/details>\n\t\t\t\t\t<\/div>\n\t\t\t\t\t\t<\/div>\n\t\t\t\t<\/div>\n\t\t\t\t<div class=\"elementor-element elementor-element-a700c57 elementor-widget elementor-widget-image\" data-id=\"a700c57\" data-element_type=\"widget\" data-e-type=\"widget\" data-widget_type=\"image.default\">\n\t\t\t\t<div class=\"elementor-widget-container\">\n\t\t\t\t\t\t\t\t\t\t\t\t\t\t\t<img decoding=\"async\" width=\"800\" height=\"959\" src=\"https:\/\/iternumdigital.com\/wp-content\/uploads\/2025\/02\/Umbraco-hosting-dk-854x1024.png\" class=\"attachment-large size-large wp-image-22685\" alt=\"\" srcset=\"https:\/\/iternumdigital.com\/wp-content\/uploads\/2025\/02\/Umbraco-hosting-dk-854x1024.png 854w, https:\/\/iternumdigital.com\/wp-content\/uploads\/2025\/02\/Umbraco-hosting-dk-250x300.png 250w, https:\/\/iternumdigital.com\/wp-content\/uploads\/2025\/02\/Umbraco-hosting-dk-768x921.png 768w, https:\/\/iternumdigital.com\/wp-content\/uploads\/2025\/02\/Umbraco-hosting-dk.png 1133w\" sizes=\"(max-width: 800px) 100vw, 800px\" \/>\t\t\t\t\t\t\t\t\t\t\t\t\t\t\t<\/div>\n\t\t\t\t<\/div>\n\t\t\t\t\t<\/div>\n\t\t\t\t<\/div>\n\t\t\t\t\t<\/div>\n\t\t\t\t<\/div>\n\t\t\t\t<\/div>\n\t\t","protected":false},"excerpt":{"rendered":"<p>Hosting pakker For b\u00e5de at leve op til de sk\u00e6rpede krav og vores egen ambition om at v\u00e6re p\u00e5 forkant med hostingen af Umbraco-hjemmesider, tilbyder vi vores kunder en af markedets bedste og sikreste hosting-l\u00f8sninger. Det betyder at vi kan sikre jer en fejlfri, sikker, hurtig og stabil hjemmeside uden nogen former for problemer. Vi [&hellip;]<\/p>\n","protected":false},"author":4,"featured_media":0,"parent":0,"menu_order":0,"comment_status":"closed","ping_status":"closed","template":"","meta":{"_acf_changed":false,"content-type":"","footnotes":""},"class_list":["post-22691","page","type-page","status-publish","hentry"],"acf":[],"yoast_head":"<!-- This site is optimized with the Yoast SEO plugin v27.0 - https:\/\/yoast.com\/product\/yoast-seo-wordpress\/ -->\n<title>Umbraco hosting - Iternum Digital<\/title>\n<meta name=\"robots\" content=\"index, follow, max-snippet:-1, max-image-preview:large, max-video-preview:-1\" \/>\n<link rel=\"canonical\" href=\"https:\/\/iternumdigital.com\/da\/umbraco-hosting\/\" \/>\n<meta property=\"og:locale\" content=\"da_DK\" \/>\n<meta property=\"og:type\" content=\"article\" \/>\n<meta property=\"og:title\" content=\"Umbraco hosting - Iternum Digital\" \/>\n<meta property=\"og:description\" content=\"Hosting pakker For b\u00e5de at leve op til de sk\u00e6rpede krav og vores egen ambition om at v\u00e6re p\u00e5 forkant med hostingen af Umbraco-hjemmesider, tilbyder vi vores kunder en af markedets bedste og sikreste hosting-l\u00f8sninger. Det betyder at vi kan sikre jer en fejlfri, sikker, hurtig og stabil hjemmeside uden nogen former for problemer. Vi [&hellip;]\" \/>\n<meta property=\"og:url\" content=\"https:\/\/iternumdigital.com\/da\/umbraco-hosting\/\" \/>\n<meta property=\"og:site_name\" content=\"Iternum Digital\" \/>\n<meta property=\"article:publisher\" content=\"https:\/\/www.facebook.com\/IternumDigital\" \/>\n<meta property=\"article:modified_time\" content=\"2025-02-10T17:34:29+00:00\" \/>\n<meta property=\"og:image\" content=\"https:\/\/iternumdigital.com\/wp-content\/uploads\/2025\/02\/Umbraco-hosting-eng.png\" \/>\n\t<meta property=\"og:image:width\" content=\"1133\" \/>\n\t<meta property=\"og:image:height\" content=\"1359\" \/>\n\t<meta property=\"og:image:type\" content=\"image\/png\" \/>\n<meta name=\"twitter:card\" content=\"summary_large_image\" \/>\n<meta name=\"twitter:label1\" content=\"Estimeret l\u00e6setid\" \/>\n\t<meta name=\"twitter:data1\" content=\"2 minutter\" \/>\n<script type=\"application\/ld+json\" class=\"yoast-schema-graph\">{\"@context\":\"https:\/\/schema.org\",\"@graph\":[{\"@type\":\"WebPage\",\"@id\":\"https:\/\/iternumdigital.com\/da\/umbraco-hosting\/\",\"url\":\"https:\/\/iternumdigital.com\/da\/umbraco-hosting\/\",\"name\":\"Umbraco hosting - Iternum Digital\",\"isPartOf\":{\"@id\":\"https:\/\/iternumdigital.com\/da\/#website\"},\"primaryImageOfPage\":{\"@id\":\"https:\/\/iternumdigital.com\/da\/umbraco-hosting\/#primaryimage\"},\"image\":{\"@id\":\"https:\/\/iternumdigital.com\/da\/umbraco-hosting\/#primaryimage\"},\"thumbnailUrl\":\"https:\/\/iternumdigital.com\/wp-content\/uploads\/2025\/02\/Umbraco-hosting-eng-854x1024.png\",\"datePublished\":\"2025-02-10T16:41:07+00:00\",\"dateModified\":\"2025-02-10T17:34:29+00:00\",\"breadcrumb\":{\"@id\":\"https:\/\/iternumdigital.com\/da\/umbraco-hosting\/#breadcrumb\"},\"inLanguage\":\"da-DK\",\"potentialAction\":[{\"@type\":\"ReadAction\",\"target\":[\"https:\/\/iternumdigital.com\/da\/umbraco-hosting\/\"]}]},{\"@type\":\"ImageObject\",\"inLanguage\":\"da-DK\",\"@id\":\"https:\/\/iternumdigital.com\/da\/umbraco-hosting\/#primaryimage\",\"url\":\"https:\/\/iternumdigital.com\/wp-content\/uploads\/2025\/02\/Umbraco-hosting-eng-854x1024.png\",\"contentUrl\":\"https:\/\/iternumdigital.com\/wp-content\/uploads\/2025\/02\/Umbraco-hosting-eng-854x1024.png\"},{\"@type\":\"BreadcrumbList\",\"@id\":\"https:\/\/iternumdigital.com\/da\/umbraco-hosting\/#breadcrumb\",\"itemListElement\":[{\"@type\":\"ListItem\",\"position\":1,\"name\":\"Home\",\"item\":\"https:\/\/iternumdigital.com\/da\/home-v2-da\/\"},{\"@type\":\"ListItem\",\"position\":2,\"name\":\"Umbraco hosting\"}]},{\"@type\":\"WebSite\",\"@id\":\"https:\/\/iternumdigital.com\/da\/#website\",\"url\":\"https:\/\/iternumdigital.com\/da\/\",\"name\":\"Digital & Creative Agency\",\"description\":\"\",\"publisher\":{\"@id\":\"https:\/\/iternumdigital.com\/da\/#organization\"},\"potentialAction\":[{\"@type\":\"SearchAction\",\"target\":{\"@type\":\"EntryPoint\",\"urlTemplate\":\"https:\/\/iternumdigital.com\/da\/?s={search_term_string}\"},\"query-input\":{\"@type\":\"PropertyValueSpecification\",\"valueRequired\":true,\"valueName\":\"search_term_string\"}}],\"inLanguage\":\"da-DK\"},{\"@type\":\"Organization\",\"@id\":\"https:\/\/iternumdigital.com\/da\/#organization\",\"name\":\"Digital & Creative Agency\",\"url\":\"https:\/\/iternumdigital.com\/da\/\",\"logo\":{\"@type\":\"ImageObject\",\"inLanguage\":\"da-DK\",\"@id\":\"https:\/\/iternumdigital.com\/da\/#\/schema\/logo\/image\/\",\"url\":\"https:\/\/iternumdigital.com\/wp-content\/uploads\/2023\/09\/IternumDigital_logo_sort_300.webp\",\"contentUrl\":\"https:\/\/iternumdigital.com\/wp-content\/uploads\/2023\/09\/IternumDigital_logo_sort_300.webp\",\"width\":300,\"height\":32,\"caption\":\"Digital & Creative Agency\"},\"image\":{\"@id\":\"https:\/\/iternumdigital.com\/da\/#\/schema\/logo\/image\/\"},\"sameAs\":[\"https:\/\/www.facebook.com\/IternumDigital\"]}]}<\/script>\n<!-- \/ Yoast SEO plugin. -->","yoast_head_json":{"title":"Umbraco hosting - Iternum Digital","robots":{"index":"index","follow":"follow","max-snippet":"max-snippet:-1","max-image-preview":"max-image-preview:large","max-video-preview":"max-video-preview:-1"},"canonical":"https:\/\/iternumdigital.com\/da\/umbraco-hosting\/","og_locale":"da_DK","og_type":"article","og_title":"Umbraco hosting - Iternum Digital","og_description":"Hosting pakker For b\u00e5de at leve op til de sk\u00e6rpede krav og vores egen ambition om at v\u00e6re p\u00e5 forkant med hostingen af Umbraco-hjemmesider, tilbyder vi vores kunder en af markedets bedste og sikreste hosting-l\u00f8sninger. Det betyder at vi kan sikre jer en fejlfri, sikker, hurtig og stabil hjemmeside uden nogen former for problemer. Vi [&hellip;]","og_url":"https:\/\/iternumdigital.com\/da\/umbraco-hosting\/","og_site_name":"Iternum Digital","article_publisher":"https:\/\/www.facebook.com\/IternumDigital","article_modified_time":"2025-02-10T17:34:29+00:00","og_image":[{"width":1133,"height":1359,"url":"https:\/\/iternumdigital.com\/wp-content\/uploads\/2025\/02\/Umbraco-hosting-eng.png","type":"image\/png"}],"twitter_card":"summary_large_image","twitter_misc":{"Estimeret l\u00e6setid":"2 minutter"},"schema":{"@context":"https:\/\/schema.org","@graph":[{"@type":"WebPage","@id":"https:\/\/iternumdigital.com\/da\/umbraco-hosting\/","url":"https:\/\/iternumdigital.com\/da\/umbraco-hosting\/","name":"Umbraco hosting - Iternum Digital","isPartOf":{"@id":"https:\/\/iternumdigital.com\/da\/#website"},"primaryImageOfPage":{"@id":"https:\/\/iternumdigital.com\/da\/umbraco-hosting\/#primaryimage"},"image":{"@id":"https:\/\/iternumdigital.com\/da\/umbraco-hosting\/#primaryimage"},"thumbnailUrl":"https:\/\/iternumdigital.com\/wp-content\/uploads\/2025\/02\/Umbraco-hosting-eng-854x1024.png","datePublished":"2025-02-10T16:41:07+00:00","dateModified":"2025-02-10T17:34:29+00:00","breadcrumb":{"@id":"https:\/\/iternumdigital.com\/da\/umbraco-hosting\/#breadcrumb"},"inLanguage":"da-DK","potentialAction":[{"@type":"ReadAction","target":["https:\/\/iternumdigital.com\/da\/umbraco-hosting\/"]}]},{"@type":"ImageObject","inLanguage":"da-DK","@id":"https:\/\/iternumdigital.com\/da\/umbraco-hosting\/#primaryimage","url":"https:\/\/iternumdigital.com\/wp-content\/uploads\/2025\/02\/Umbraco-hosting-eng-854x1024.png","contentUrl":"https:\/\/iternumdigital.com\/wp-content\/uploads\/2025\/02\/Umbraco-hosting-eng-854x1024.png"},{"@type":"BreadcrumbList","@id":"https:\/\/iternumdigital.com\/da\/umbraco-hosting\/#breadcrumb","itemListElement":[{"@type":"ListItem","position":1,"name":"Home","item":"https:\/\/iternumdigital.com\/da\/home-v2-da\/"},{"@type":"ListItem","position":2,"name":"Umbraco hosting"}]},{"@type":"WebSite","@id":"https:\/\/iternumdigital.com\/da\/#website","url":"https:\/\/iternumdigital.com\/da\/","name":"Digital & Creative Agency","description":"","publisher":{"@id":"https:\/\/iternumdigital.com\/da\/#organization"},"potentialAction":[{"@type":"SearchAction","target":{"@type":"EntryPoint","urlTemplate":"https:\/\/iternumdigital.com\/da\/?s={search_term_string}"},"query-input":{"@type":"PropertyValueSpecification","valueRequired":true,"valueName":"search_term_string"}}],"inLanguage":"da-DK"},{"@type":"Organization","@id":"https:\/\/iternumdigital.com\/da\/#organization","name":"Digital & Creative Agency","url":"https:\/\/iternumdigital.com\/da\/","logo":{"@type":"ImageObject","inLanguage":"da-DK","@id":"https:\/\/iternumdigital.com\/da\/#\/schema\/logo\/image\/","url":"https:\/\/iternumdigital.com\/wp-content\/uploads\/2023\/09\/IternumDigital_logo_sort_300.webp","contentUrl":"https:\/\/iternumdigital.com\/wp-content\/uploads\/2023\/09\/IternumDigital_logo_sort_300.webp","width":300,"height":32,"caption":"Digital & Creative Agency"},"image":{"@id":"https:\/\/iternumdigital.com\/da\/#\/schema\/logo\/image\/"},"sameAs":["https:\/\/www.facebook.com\/IternumDigital"]}]}},"_links":{"self":[{"href":"https:\/\/iternumdigital.com\/da\/wp-json\/wp\/v2\/pages\/22691","targetHints":{"allow":["GET"]}}],"collection":[{"href":"https:\/\/iternumdigital.com\/da\/wp-json\/wp\/v2\/pages"}],"about":[{"href":"https:\/\/iternumdigital.com\/da\/wp-json\/wp\/v2\/types\/page"}],"author":[{"embeddable":true,"href":"https:\/\/iternumdigital.com\/da\/wp-json\/wp\/v2\/users\/4"}],"replies":[{"embeddable":true,"href":"https:\/\/iternumdigital.com\/da\/wp-json\/wp\/v2\/comments?post=22691"}],"version-history":[{"count":1,"href":"https:\/\/iternumdigital.com\/da\/wp-json\/wp\/v2\/pages\/22691\/revisions"}],"predecessor-version":[{"id":22692,"href":"https:\/\/iternumdigital.com\/da\/wp-json\/wp\/v2\/pages\/22691\/revisions\/22692"}],"wp:attachment":[{"href":"https:\/\/iternumdigital.com\/da\/wp-json\/wp\/v2\/media?parent=22691"}],"curies":[{"name":"wp","href":"https:\/\/api.w.org\/{rel}","templated":true}]}}