{"id":22752,"date":"2025-02-11T13:15:42","date_gmt":"2025-02-11T13:15:42","guid":{"rendered":"https:\/\/iternumdigital.com\/newsletter\/"},"modified":"2026-02-24T14:57:43","modified_gmt":"2026-02-24T14:57:43","slug":"newsletter","status":"publish","type":"page","link":"https:\/\/iternumdigital.com\/da\/newsletter\/","title":{"rendered":"Nyhedsbrev"},"content":{"rendered":"\t\t<div data-elementor-type=\"wp-page\" data-elementor-id=\"22752\" class=\"elementor elementor-22752 elementor-22725\" data-elementor-post-type=\"page\">\n\t\t\t\t<div class=\"elementor-element elementor-element-3b8b006c e-flex e-con-boxed e-con e-parent\" data-id=\"3b8b006c\" data-element_type=\"container\" data-e-type=\"container\" data-settings=\"{&quot;background_background&quot;:&quot;classic&quot;}\">\n\t\t\t\t\t<div class=\"e-con-inner\">\n\t\t<div class=\"elementor-element elementor-element-1bfd1053 e-con-full e-flex e-con e-child\" data-id=\"1bfd1053\" data-element_type=\"container\" data-e-type=\"container\">\n\t\t\t\t<div class=\"elementor-element elementor-element-60d4542b elementor-widget elementor-widget-heading\" data-id=\"60d4542b\" data-element_type=\"widget\" data-e-type=\"widget\" data-widget_type=\"heading.default\">\n\t\t\t\t<div class=\"elementor-widget-container\">\n\t\t\t\t\t<h3 class=\"elementor-heading-title elementor-size-default\"><b>Hold dig opdateret p\u00e5 digital marketing \u2013 direkte i din indbakke!<\/b><\/h3>\t\t\t\t<\/div>\n\t\t\t\t<\/div>\n\t\t\t\t<div class=\"elementor-element elementor-element-fb19624 elementor-widget elementor-widget-text-editor\" data-id=\"fb19624\" data-element_type=\"widget\" data-e-type=\"widget\" data-widget_type=\"text-editor.default\">\n\t\t\t\t<div class=\"elementor-widget-container\">\n\t\t\t\t\t\t\t\t\t<p>Vil du v\u00e6re p\u00e5 forkant med de nyeste trends, strategier og v\u00e6rkt\u00f8jer inden for digital marketing? Tilmeld dig Iternum Digitals nyhedsbrev og f\u00e5 eksklusiv indsigt, praktiske tips og de vigtigste nyheder om SEO, SoMe, Google Ads, webudvikling, e-mail marketing, media buying, digital strategi, analytics, kreativer, v\u00e6rkt\u00f8jer, AI og meget mere. <\/p><p>Som abonnent f\u00e5r du ogs\u00e5 adgang til s\u00e6rlige tilbud, invitationer til gratis webinarer og seminarer \u2013 alt sammen skabt for at hj\u00e6lpe dig med at styrke din digitale strategi.<\/p><p>Tilmeld dig i dag \u2013 det er gratis, og du kan afmelde dig n\u00e5r som helst!<\/p>\t\t\t\t\t\t\t\t<\/div>\n\t\t\t\t<\/div>\n\t\t\t\t<\/div>\n\t\t<div class=\"elementor-element elementor-element-58a62a96 e-con-full e-flex e-con e-child\" data-id=\"58a62a96\" data-element_type=\"container\" data-e-type=\"container\" data-settings=\"{&quot;background_background&quot;:&quot;classic&quot;}\">\n\t\t\t\t<div class=\"elementor-element elementor-element-49e55a84 elementor-widget elementor-widget-image\" data-id=\"49e55a84\" data-element_type=\"widget\" data-e-type=\"widget\" data-settings=\"{&quot;motion_fx_motion_fx_scrolling&quot;:&quot;yes&quot;,&quot;motion_fx_translateY_effect&quot;:&quot;yes&quot;,&quot;motion_fx_translateY_affectedRange&quot;:{&quot;unit&quot;:&quot;%&quot;,&quot;size&quot;:&quot;&quot;,&quot;sizes&quot;:{&quot;start&quot;:30,&quot;end&quot;:91}},&quot;motion_fx_translateY_speed&quot;:{&quot;unit&quot;:&quot;px&quot;,&quot;size&quot;:4,&quot;sizes&quot;:[]},&quot;motion_fx_devices&quot;:[&quot;desktop&quot;,&quot;tablet_extra&quot;,&quot;tablet&quot;,&quot;mobile&quot;]}\" data-widget_type=\"image.default\">\n\t\t\t\t<div class=\"elementor-widget-container\">\n\t\t\t\t\t\t\t\t\t\t\t\t\t\t\t<img decoding=\"async\" width=\"660\" height=\"700\" src=\"https:\/\/iternumdigital.com\/wp-content\/uploads\/2025\/02\/1.jpg\" class=\"attachment-large size-large wp-image-22743\" alt=\"\" srcset=\"https:\/\/iternumdigital.com\/wp-content\/uploads\/2025\/02\/1.jpg 660w, https:\/\/iternumdigital.com\/wp-content\/uploads\/2025\/02\/1-283x300.jpg 283w\" sizes=\"(max-width: 660px) 100vw, 660px\" \/>\t\t\t\t\t\t\t\t\t\t\t\t\t\t\t<\/div>\n\t\t\t\t<\/div>\n\t\t\t\t<\/div>\n\t\t\t\t\t<\/div>\n\t\t\t\t<\/div>\n\t\t<div class=\"elementor-element elementor-element-1b5912b2 e-flex e-con-boxed e-con e-parent\" data-id=\"1b5912b2\" data-element_type=\"container\" data-e-type=\"container\" data-settings=\"{&quot;background_background&quot;:&quot;classic&quot;}\">\n\t\t\t\t\t<div class=\"e-con-inner\">\n\t\t\t\t<div class=\"elementor-element elementor-element-44007d35 elementor-widget elementor-widget-heading\" data-id=\"44007d35\" data-element_type=\"widget\" data-e-type=\"widget\" data-widget_type=\"heading.default\">\n\t\t\t\t<div class=\"elementor-widget-container\">\n\t\t\t\t\t<h2 class=\"elementor-heading-title elementor-size-default\"><b>Tilmeld dig nu<\/b> <i>\u2013 og bliv skarpere p\u00e5 digital marketing!<\/i><\/h2>\t\t\t\t<\/div>\n\t\t\t\t<\/div>\n\t\t<div class=\"elementor-element elementor-element-0e750e2 e-con-full e-flex e-con e-child\" data-id=\"0e750e2\" data-element_type=\"container\" data-e-type=\"container\">\n\t\t\t\t<div class=\"elementor-element elementor-element-45088b85 jedv-enabled--yes elementor-widget elementor-widget-hubspot-form\" data-id=\"45088b85\" data-element_type=\"widget\" data-e-type=\"widget\" data-widget_type=\"hubspot-form.default\">\n\t\t\t\t<div class=\"elementor-widget-container\">\n\t\t\t\t\t\n\t\t\t\t\t\t<script>\n\t\t\t\t\t\t\twindow.hsFormsOnReady = window.hsFormsOnReady || [];\n\t\t\t\t\t\t\twindow.hsFormsOnReady.push(()=>{\n\t\t\t\t\t\t\t\thbspt.forms.create({\n\t\t\t\t\t\t\t\t\tportalId: 2514563,\n\t\t\t\t\t\t\t\t\tformId: \"e6f781c5-b010-4230-92c0-ecee9928fcdd\",\n\t\t\t\t\t\t\t\t\ttarget: \"#hbspt-form-1776503530000-2539808720\",\n\t\t\t\t\t\t\t\t\tregion: \"na1\",\n\t\t\t\t\t\t\t\t\t\n\t\t\t\t\t\t\t})});\n\t\t\t\t\t\t<\/script>\n\t\t\t\t\t\t<div class=\"hbspt-form\" id=\"hbspt-form-1776503530000-2539808720\"><\/div>\t\t\t\t<\/div>\n\t\t\t\t<\/div>\n\t\t\t\t<\/div>\n\t\t\t\t\t<\/div>\n\t\t\t\t<\/div>\n\t\t\t\t<\/div>\n\t\t","protected":false},"excerpt":{"rendered":"<p>Hold dig opdateret p\u00e5 digital marketing \u2013 direkte i din indbakke! Vil du v\u00e6re p\u00e5 forkant med de nyeste trends, strategier og v\u00e6rkt\u00f8jer inden for digital marketing? Tilmeld dig Iternum Digitals nyhedsbrev og f\u00e5 eksklusiv indsigt, praktiske tips og de vigtigste nyheder om SEO, SoMe, Google Ads, webudvikling, e-mail marketing, media buying, digital strategi, analytics, [&hellip;]<\/p>\n","protected":false},"author":4,"featured_media":22743,"parent":0,"menu_order":0,"comment_status":"closed","ping_status":"closed","template":"","meta":{"_acf_changed":false,"content-type":"","footnotes":""},"class_list":["post-22752","page","type-page","status-publish","has-post-thumbnail","hentry"],"acf":[],"yoast_head":"<!-- This site is optimized with the Yoast SEO plugin v27.0 - https:\/\/yoast.com\/product\/yoast-seo-wordpress\/ -->\n<title>Nyhedsbrev - Iternum Digital<\/title>\n<meta name=\"robots\" content=\"index, follow, max-snippet:-1, max-image-preview:large, max-video-preview:-1\" \/>\n<link rel=\"canonical\" href=\"https:\/\/iternumdigital.com\/da\/newsletter\/\" \/>\n<meta property=\"og:locale\" content=\"da_DK\" \/>\n<meta property=\"og:type\" content=\"article\" \/>\n<meta property=\"og:title\" content=\"Nyhedsbrev - Iternum Digital\" \/>\n<meta property=\"og:description\" content=\"Hold dig opdateret p\u00e5 digital marketing \u2013 direkte i din indbakke! Vil du v\u00e6re p\u00e5 forkant med de nyeste trends, strategier og v\u00e6rkt\u00f8jer inden for digital marketing? Tilmeld dig Iternum Digitals nyhedsbrev og f\u00e5 eksklusiv indsigt, praktiske tips og de vigtigste nyheder om SEO, SoMe, Google Ads, webudvikling, e-mail marketing, media buying, digital strategi, analytics, [&hellip;]\" \/>\n<meta property=\"og:url\" content=\"https:\/\/iternumdigital.com\/da\/newsletter\/\" \/>\n<meta property=\"og:site_name\" content=\"Iternum Digital\" \/>\n<meta property=\"article:publisher\" content=\"https:\/\/www.facebook.com\/IternumDigital\" \/>\n<meta property=\"article:modified_time\" content=\"2026-02-24T14:57:43+00:00\" \/>\n<meta property=\"og:image\" content=\"https:\/\/iternumdigital.com\/wp-content\/uploads\/2025\/02\/1.jpg\" \/>\n\t<meta property=\"og:image:width\" content=\"660\" \/>\n\t<meta property=\"og:image:height\" content=\"700\" \/>\n\t<meta property=\"og:image:type\" content=\"image\/jpeg\" \/>\n<meta name=\"twitter:card\" content=\"summary_large_image\" \/>\n<meta name=\"twitter:label1\" content=\"Estimeret l\u00e6setid\" \/>\n\t<meta name=\"twitter:data1\" content=\"1 minut\" \/>\n<script type=\"application\/ld+json\" class=\"yoast-schema-graph\">{\"@context\":\"https:\/\/schema.org\",\"@graph\":[{\"@type\":\"WebPage\",\"@id\":\"https:\/\/iternumdigital.com\/da\/newsletter\/\",\"url\":\"https:\/\/iternumdigital.com\/da\/newsletter\/\",\"name\":\"Nyhedsbrev - Iternum Digital\",\"isPartOf\":{\"@id\":\"https:\/\/iternumdigital.com\/da\/#website\"},\"primaryImageOfPage\":{\"@id\":\"https:\/\/iternumdigital.com\/da\/newsletter\/#primaryimage\"},\"image\":{\"@id\":\"https:\/\/iternumdigital.com\/da\/newsletter\/#primaryimage\"},\"thumbnailUrl\":\"https:\/\/iternumdigital.com\/wp-content\/uploads\/2025\/02\/1.jpg\",\"datePublished\":\"2025-02-11T13:15:42+00:00\",\"dateModified\":\"2026-02-24T14:57:43+00:00\",\"breadcrumb\":{\"@id\":\"https:\/\/iternumdigital.com\/da\/newsletter\/#breadcrumb\"},\"inLanguage\":\"da-DK\",\"potentialAction\":[{\"@type\":\"ReadAction\",\"target\":[\"https:\/\/iternumdigital.com\/da\/newsletter\/\"]}]},{\"@type\":\"ImageObject\",\"inLanguage\":\"da-DK\",\"@id\":\"https:\/\/iternumdigital.com\/da\/newsletter\/#primaryimage\",\"url\":\"https:\/\/iternumdigital.com\/wp-content\/uploads\/2025\/02\/1.jpg\",\"contentUrl\":\"https:\/\/iternumdigital.com\/wp-content\/uploads\/2025\/02\/1.jpg\",\"width\":660,\"height\":700},{\"@type\":\"BreadcrumbList\",\"@id\":\"https:\/\/iternumdigital.com\/da\/newsletter\/#breadcrumb\",\"itemListElement\":[{\"@type\":\"ListItem\",\"position\":1,\"name\":\"Home\",\"item\":\"https:\/\/iternumdigital.com\/da\/home-v2-da\/\"},{\"@type\":\"ListItem\",\"position\":2,\"name\":\"Nyhedsbrev\"}]},{\"@type\":\"WebSite\",\"@id\":\"https:\/\/iternumdigital.com\/da\/#website\",\"url\":\"https:\/\/iternumdigital.com\/da\/\",\"name\":\"Digital & Creative Agency\",\"description\":\"\",\"publisher\":{\"@id\":\"https:\/\/iternumdigital.com\/da\/#organization\"},\"potentialAction\":[{\"@type\":\"SearchAction\",\"target\":{\"@type\":\"EntryPoint\",\"urlTemplate\":\"https:\/\/iternumdigital.com\/da\/?s={search_term_string}\"},\"query-input\":{\"@type\":\"PropertyValueSpecification\",\"valueRequired\":true,\"valueName\":\"search_term_string\"}}],\"inLanguage\":\"da-DK\"},{\"@type\":\"Organization\",\"@id\":\"https:\/\/iternumdigital.com\/da\/#organization\",\"name\":\"Digital & Creative Agency\",\"url\":\"https:\/\/iternumdigital.com\/da\/\",\"logo\":{\"@type\":\"ImageObject\",\"inLanguage\":\"da-DK\",\"@id\":\"https:\/\/iternumdigital.com\/da\/#\/schema\/logo\/image\/\",\"url\":\"https:\/\/iternumdigital.com\/wp-content\/uploads\/2023\/09\/IternumDigital_logo_sort_300.webp\",\"contentUrl\":\"https:\/\/iternumdigital.com\/wp-content\/uploads\/2023\/09\/IternumDigital_logo_sort_300.webp\",\"width\":300,\"height\":32,\"caption\":\"Digital & Creative Agency\"},\"image\":{\"@id\":\"https:\/\/iternumdigital.com\/da\/#\/schema\/logo\/image\/\"},\"sameAs\":[\"https:\/\/www.facebook.com\/IternumDigital\"]}]}<\/script>\n<!-- \/ Yoast SEO plugin. -->","yoast_head_json":{"title":"Nyhedsbrev - Iternum Digital","robots":{"index":"index","follow":"follow","max-snippet":"max-snippet:-1","max-image-preview":"max-image-preview:large","max-video-preview":"max-video-preview:-1"},"canonical":"https:\/\/iternumdigital.com\/da\/newsletter\/","og_locale":"da_DK","og_type":"article","og_title":"Nyhedsbrev - Iternum Digital","og_description":"Hold dig opdateret p\u00e5 digital marketing \u2013 direkte i din indbakke! Vil du v\u00e6re p\u00e5 forkant med de nyeste trends, strategier og v\u00e6rkt\u00f8jer inden for digital marketing? Tilmeld dig Iternum Digitals nyhedsbrev og f\u00e5 eksklusiv indsigt, praktiske tips og de vigtigste nyheder om SEO, SoMe, Google Ads, webudvikling, e-mail marketing, media buying, digital strategi, analytics, [&hellip;]","og_url":"https:\/\/iternumdigital.com\/da\/newsletter\/","og_site_name":"Iternum Digital","article_publisher":"https:\/\/www.facebook.com\/IternumDigital","article_modified_time":"2026-02-24T14:57:43+00:00","og_image":[{"width":660,"height":700,"url":"https:\/\/iternumdigital.com\/wp-content\/uploads\/2025\/02\/1.jpg","type":"image\/jpeg"}],"twitter_card":"summary_large_image","twitter_misc":{"Estimeret l\u00e6setid":"1 minut"},"schema":{"@context":"https:\/\/schema.org","@graph":[{"@type":"WebPage","@id":"https:\/\/iternumdigital.com\/da\/newsletter\/","url":"https:\/\/iternumdigital.com\/da\/newsletter\/","name":"Nyhedsbrev - Iternum Digital","isPartOf":{"@id":"https:\/\/iternumdigital.com\/da\/#website"},"primaryImageOfPage":{"@id":"https:\/\/iternumdigital.com\/da\/newsletter\/#primaryimage"},"image":{"@id":"https:\/\/iternumdigital.com\/da\/newsletter\/#primaryimage"},"thumbnailUrl":"https:\/\/iternumdigital.com\/wp-content\/uploads\/2025\/02\/1.jpg","datePublished":"2025-02-11T13:15:42+00:00","dateModified":"2026-02-24T14:57:43+00:00","breadcrumb":{"@id":"https:\/\/iternumdigital.com\/da\/newsletter\/#breadcrumb"},"inLanguage":"da-DK","potentialAction":[{"@type":"ReadAction","target":["https:\/\/iternumdigital.com\/da\/newsletter\/"]}]},{"@type":"ImageObject","inLanguage":"da-DK","@id":"https:\/\/iternumdigital.com\/da\/newsletter\/#primaryimage","url":"https:\/\/iternumdigital.com\/wp-content\/uploads\/2025\/02\/1.jpg","contentUrl":"https:\/\/iternumdigital.com\/wp-content\/uploads\/2025\/02\/1.jpg","width":660,"height":700},{"@type":"BreadcrumbList","@id":"https:\/\/iternumdigital.com\/da\/newsletter\/#breadcrumb","itemListElement":[{"@type":"ListItem","position":1,"name":"Home","item":"https:\/\/iternumdigital.com\/da\/home-v2-da\/"},{"@type":"ListItem","position":2,"name":"Nyhedsbrev"}]},{"@type":"WebSite","@id":"https:\/\/iternumdigital.com\/da\/#website","url":"https:\/\/iternumdigital.com\/da\/","name":"Digital & Creative Agency","description":"","publisher":{"@id":"https:\/\/iternumdigital.com\/da\/#organization"},"potentialAction":[{"@type":"SearchAction","target":{"@type":"EntryPoint","urlTemplate":"https:\/\/iternumdigital.com\/da\/?s={search_term_string}"},"query-input":{"@type":"PropertyValueSpecification","valueRequired":true,"valueName":"search_term_string"}}],"inLanguage":"da-DK"},{"@type":"Organization","@id":"https:\/\/iternumdigital.com\/da\/#organization","name":"Digital & Creative Agency","url":"https:\/\/iternumdigital.com\/da\/","logo":{"@type":"ImageObject","inLanguage":"da-DK","@id":"https:\/\/iternumdigital.com\/da\/#\/schema\/logo\/image\/","url":"https:\/\/iternumdigital.com\/wp-content\/uploads\/2023\/09\/IternumDigital_logo_sort_300.webp","contentUrl":"https:\/\/iternumdigital.com\/wp-content\/uploads\/2023\/09\/IternumDigital_logo_sort_300.webp","width":300,"height":32,"caption":"Digital & Creative Agency"},"image":{"@id":"https:\/\/iternumdigital.com\/da\/#\/schema\/logo\/image\/"},"sameAs":["https:\/\/www.facebook.com\/IternumDigital"]}]}},"_links":{"self":[{"href":"https:\/\/iternumdigital.com\/da\/wp-json\/wp\/v2\/pages\/22752","targetHints":{"allow":["GET"]}}],"collection":[{"href":"https:\/\/iternumdigital.com\/da\/wp-json\/wp\/v2\/pages"}],"about":[{"href":"https:\/\/iternumdigital.com\/da\/wp-json\/wp\/v2\/types\/page"}],"author":[{"embeddable":true,"href":"https:\/\/iternumdigital.com\/da\/wp-json\/wp\/v2\/users\/4"}],"replies":[{"embeddable":true,"href":"https:\/\/iternumdigital.com\/da\/wp-json\/wp\/v2\/comments?post=22752"}],"version-history":[{"count":7,"href":"https:\/\/iternumdigital.com\/da\/wp-json\/wp\/v2\/pages\/22752\/revisions"}],"predecessor-version":[{"id":26215,"href":"https:\/\/iternumdigital.com\/da\/wp-json\/wp\/v2\/pages\/22752\/revisions\/26215"}],"wp:featuredmedia":[{"embeddable":true,"href":"https:\/\/iternumdigital.com\/da\/wp-json\/wp\/v2\/media\/22743"}],"wp:attachment":[{"href":"https:\/\/iternumdigital.com\/da\/wp-json\/wp\/v2\/media?parent=22752"}],"curies":[{"name":"wp","href":"https:\/\/api.w.org\/{rel}","templated":true}]}}