{"id":24275,"date":"2025-06-16T08:56:05","date_gmt":"2025-06-16T08:56:05","guid":{"rendered":"https:\/\/iternumdigital.com\/book-et-moede\/"},"modified":"2025-07-18T09:01:51","modified_gmt":"2025-07-18T09:01:51","slug":"book-et-moede","status":"publish","type":"page","link":"https:\/\/iternumdigital.com\/da\/book-et-moede\/","title":{"rendered":"Book et m\u00f8de"},"content":{"rendered":"\t\t<div data-elementor-type=\"wp-page\" data-elementor-id=\"24275\" class=\"elementor elementor-24275 elementor-23927\" data-elementor-post-type=\"page\">\n\t\t\t\t<div class=\"elementor-element elementor-element-5a653cb1 e-con-full e-flex e-con e-parent\" data-id=\"5a653cb1\" data-element_type=\"container\" data-e-type=\"container\">\n\t\t<div class=\"elementor-element elementor-element-14b64300 e-con-full e-flex e-con e-child\" data-id=\"14b64300\" data-element_type=\"container\" data-e-type=\"container\">\n\t\t\t\t<div class=\"elementor-element elementor-element-70b195c3 elementor-widget elementor-widget-heading\" data-id=\"70b195c3\" data-element_type=\"widget\" data-e-type=\"widget\" data-widget_type=\"heading.default\">\n\t\t\t\t<div class=\"elementor-widget-container\">\n\t\t\t\t\t<h2 class=\"elementor-heading-title elementor-size-default\"><b><\/b><\/h2>\t\t\t\t<\/div>\n\t\t\t\t<\/div>\n\t\t\t\t<div class=\"elementor-element elementor-element-53632ec2 elementor-widget elementor-widget-text-editor\" data-id=\"53632ec2\" data-element_type=\"widget\" data-e-type=\"widget\" data-widget_type=\"text-editor.default\">\n\t\t\t\t<div class=\"elementor-widget-container\">\n\t\t\t\t\t\t\t\t\t<h2><strong>Lad os tage en uforpligtende snak om jeres digitale udfordringer<\/strong><\/h2><p>Hos os br\u00e6nder vi for at hj\u00e6lpe virksomheder med digital marketing og kommunikation. Derfor inviterer vi gerne p\u00e5 en kop kaffe \u2013 fysisk eller online \u2013 til en uforpligtende snak med faglig sparring om netop jeres digitale indsats. <\/p><p>Har du sp\u00f8rgsm\u00e5l om SMV-puljen? Vi er godkendte r\u00e5dgivere og hj\u00e6lper jer trygt igennem hele processen. <\/p><p><strong>Udfyld formularen her p\u00e5 siden, s\u00e5 kontakter vi dig hurtigst muligt.<\/strong><\/p>\t\t\t\t\t\t\t\t<\/div>\n\t\t\t\t<\/div>\n\t\t\t\t<\/div>\n\t\t<div class=\"elementor-element elementor-element-1871bb3a e-con-full e-flex e-con e-child\" data-id=\"1871bb3a\" data-element_type=\"container\" data-e-type=\"container\">\n\t\t<div class=\"elementor-element elementor-element-1fe4e77 e-con-full e-flex e-con e-child\" data-id=\"1fe4e77\" data-element_type=\"container\" data-e-type=\"container\">\n\t\t<div class=\"elementor-element elementor-element-63a1c93 e-con-full e-flex e-con e-child\" data-id=\"63a1c93\" data-element_type=\"container\" data-e-type=\"container\" data-settings=\"{&quot;background_background&quot;:&quot;classic&quot;}\">\n\t\t\t\t<div class=\"elementor-element elementor-element-d52fbbe elementor-widget__width-inherit elementor-widget elementor-widget-heading\" data-id=\"d52fbbe\" data-element_type=\"widget\" data-e-type=\"widget\" data-widget_type=\"heading.default\">\n\t\t\t\t<div class=\"elementor-widget-container\">\n\t\t\t\t\t<p class=\"elementor-heading-title elementor-size-default\">Book m\u00f8de - udfyld nedenst\u00e5ende formular<\/p>\t\t\t\t<\/div>\n\t\t\t\t<\/div>\n\t\t\t\t<div class=\"elementor-element elementor-element-f449268 elementor-button-align-center elementor-widget elementor-widget-form\" data-id=\"f449268\" data-element_type=\"widget\" data-e-type=\"widget\" data-settings=\"{&quot;step_next_label&quot;:&quot;N\\u00e6ste&quot;,&quot;step_previous_label&quot;:&quot;Forrige&quot;,&quot;button_width&quot;:&quot;100&quot;,&quot;step_type&quot;:&quot;number_text&quot;,&quot;step_icon_shape&quot;:&quot;circle&quot;}\" data-widget_type=\"form.default\">\n\t\t\t\t<div class=\"elementor-widget-container\">\n\t\t\t\t\t\t\t<form class=\"elementor-form\" method=\"post\" id=\"Book_meeting_form\" name=\"Kontakt formular\" aria-label=\"Kontakt formular\">\n\t\t\t<input type=\"hidden\" name=\"post_id\" value=\"24275\"\/>\n\t\t\t<input type=\"hidden\" name=\"form_id\" value=\"f449268\"\/>\n\t\t\t<input type=\"hidden\" name=\"referer_title\" value=\"Iternum Digital\" \/>\n\n\t\t\t\n\t\t\t<div class=\"elementor-form-fields-wrapper elementor-labels-\">\n\t\t\t\t\t\t\t\t<div class=\"elementor-field-type-text elementor-field-group elementor-column elementor-field-group-name elementor-col-50 elementor-field-required\">\n\t\t\t\t\t\t\t\t\t\t\t\t<label for=\"form-field-name\" class=\"elementor-field-label elementor-screen-only\">\n\t\t\t\t\t\t\t\tFornavn\t\t\t\t\t\t\t<\/label>\n\t\t\t\t\t\t\t\t\t\t\t\t\t\t<input size=\"1\" type=\"text\" name=\"form_fields[name]\" id=\"form-field-name\" class=\"elementor-field elementor-size-sm  elementor-field-textual\" placeholder=\"Fornavn\" required=\"required\">\n\t\t\t\t\t\t\t\t\t\t\t<\/div>\n\t\t\t\t\t\t\t\t<div class=\"elementor-field-type-text elementor-field-group elementor-column elementor-field-group-field_3cee92e elementor-col-50 elementor-field-required\">\n\t\t\t\t\t\t\t\t\t\t\t\t<label for=\"form-field-field_3cee92e\" class=\"elementor-field-label elementor-screen-only\">\n\t\t\t\t\t\t\t\tEfternavn\t\t\t\t\t\t\t<\/label>\n\t\t\t\t\t\t\t\t\t\t\t\t\t\t<input size=\"1\" type=\"text\" name=\"form_fields[field_3cee92e]\" id=\"form-field-field_3cee92e\" class=\"elementor-field elementor-size-sm  elementor-field-textual\" placeholder=\"Efternavn\" required=\"required\">\n\t\t\t\t\t\t\t\t\t\t\t<\/div>\n\t\t\t\t\t\t\t\t<div class=\"elementor-field-type-email elementor-field-group elementor-column elementor-field-group-email elementor-col-50 elementor-field-required\">\n\t\t\t\t\t\t\t\t\t\t\t\t<label for=\"form-field-email\" class=\"elementor-field-label elementor-screen-only\">\n\t\t\t\t\t\t\t\tEmail\t\t\t\t\t\t\t<\/label>\n\t\t\t\t\t\t\t\t\t\t\t\t\t\t<input size=\"1\" type=\"email\" name=\"form_fields[email]\" id=\"form-field-email\" class=\"elementor-field elementor-size-sm  elementor-field-textual\" placeholder=\"Email\" required=\"required\">\n\t\t\t\t\t\t\t\t\t\t\t<\/div>\n\t\t\t\t\t\t\t\t<div class=\"elementor-field-type-tel elementor-field-group elementor-column elementor-field-group-field_e87e12a elementor-col-50 elementor-field-required\">\n\t\t\t\t\t\t\t\t\t\t\t\t<label for=\"form-field-field_e87e12a\" class=\"elementor-field-label elementor-screen-only\">\n\t\t\t\t\t\t\t\tPhone Number\t\t\t\t\t\t\t<\/label>\n\t\t\t\t\t\t\t\t<input size=\"1\" type=\"tel\" name=\"form_fields[field_e87e12a]\" id=\"form-field-field_e87e12a\" class=\"elementor-field elementor-size-sm  elementor-field-textual\" placeholder=\"Telefon\" required=\"required\" pattern=\"[0-9()#&amp;+*-=.]+\" title=\"Kun tal og telefonkarakterer (#,-,*, o.s.v.) accepteres.\">\n\n\t\t\t\t\t\t<\/div>\n\t\t\t\t\t\t\t\t<div class=\"elementor-field-type-text elementor-field-group elementor-column elementor-field-group-field_50da509 elementor-col-100 elementor-field-required\">\n\t\t\t\t\t\t\t\t\t\t\t\t<label for=\"form-field-field_50da509\" class=\"elementor-field-label elementor-screen-only\">\n\t\t\t\t\t\t\t\tCompany Name\t\t\t\t\t\t\t<\/label>\n\t\t\t\t\t\t\t\t\t\t\t\t\t\t<input size=\"1\" type=\"text\" name=\"form_fields[field_50da509]\" id=\"form-field-field_50da509\" class=\"elementor-field elementor-size-sm  elementor-field-textual\" placeholder=\"Virksomhed\" required=\"required\">\n\t\t\t\t\t\t\t\t\t\t\t<\/div>\n\t\t\t\t\t\t\t\t<div class=\"elementor-field-type-acceptance elementor-field-group elementor-column elementor-field-group-field_1b031aa elementor-col-100 elementor-field-required\">\n\t\t\t\t\t\t\t\t\t\t\t\t<label for=\"form-field-field_1b031aa\" class=\"elementor-field-label elementor-screen-only\">\n\t\t\t\t\t\t\t\tPrivacy policy\t\t\t\t\t\t\t<\/label>\n\t\t\t\t\t\t\t\t<div class=\"elementor-field-subgroup\">\n\t\t\t<span class=\"elementor-field-option\">\n\t\t\t\t<input type=\"checkbox\" name=\"form_fields[field_1b031aa]\" id=\"form-field-field_1b031aa\" class=\"elementor-field elementor-size-sm  elementor-acceptance-field\" required=\"required\">\n\t\t\t\t<label for=\"form-field-field_1b031aa\">N\u00e5r du udfylder formularen, overdrager du dine personlige oplysninger til os. Vi lover at passe godt p\u00e5 dem. L\u00e6s vores betingelser <a style=\"color:#000; border-bottom:2px solid #8DD2CC;\" href=\"https:\/\/iternumdigital.com\/da\/privacy-policy\/\">her<\/a>.<\/label>\t\t\t<\/span>\n\t\t<\/div>\n\t\t\t\t\t\t<\/div>\n\t\t\t\t\t\t\t\t<div class=\"elementor-field-type-text\">\n\t\t\t\t\t<input size=\"1\" type=\"text\" name=\"form_fields[field_b4e8f51]\" id=\"form-field-field_b4e8f51\" class=\"elementor-field elementor-size-sm \" style=\"display:none !important;\">\t\t\t\t<\/div>\n\t\t\t\t\t\t\t\t<div class=\"elementor-field-group elementor-column elementor-field-type-submit elementor-col-100 e-form__buttons\">\n\t\t\t\t\t<button class=\"elementor-button elementor-size-sm\" type=\"submit\">\n\t\t\t\t\t\t<span class=\"elementor-button-content-wrapper\">\n\t\t\t\t\t\t\t\t\t\t\t\t\t\t\t\t\t\t\t\t\t\t<span class=\"elementor-button-text\">Ja, tak! Kontakt mig <\/span>\n\t\t\t\t\t\t\t\t\t\t\t\t\t<\/span>\n\t\t\t\t\t<\/button>\n\t\t\t\t<\/div>\n\t\t\t<\/div>\n\t\t<input\n                    class=\"apbct_special_field apbct_email_id__elementor_form\"\n                    name=\"apbct__email_id__elementor_form\"\n                    aria-label=\"apbct__label_id__elementor_form\"\n                    type=\"text\" size=\"30\" maxlength=\"200\" autocomplete=\"off\"\n                    value=\"\"\n                \/><\/form>\n\t\t\t\t\t\t<\/div>\n\t\t\t\t<\/div>\n\t\t\t\t<\/div>\n\t\t\t\t<\/div>\n\t\t\t\t<\/div>\n\t\t\t\t<\/div>\n\t\t\t\t<\/div>\n\t\t","protected":false},"excerpt":{"rendered":"<p>Lad os tage en uforpligtende snak om jeres digitale udfordringer Hos os br\u00e6nder vi for at hj\u00e6lpe virksomheder med digital marketing og kommunikation. Derfor inviterer vi gerne p\u00e5 en kop kaffe \u2013 fysisk eller online \u2013 til en uforpligtende snak med faglig sparring om netop jeres digitale indsats. Har du sp\u00f8rgsm\u00e5l om SMV-puljen? Vi er [&hellip;]<\/p>\n","protected":false},"author":4,"featured_media":0,"parent":0,"menu_order":0,"comment_status":"closed","ping_status":"closed","template":"","meta":{"_acf_changed":false,"content-type":"","footnotes":""},"class_list":["post-24275","page","type-page","status-publish","hentry"],"acf":[],"yoast_head":"<!-- This site is optimized with the Yoast SEO plugin v27.0 - https:\/\/yoast.com\/product\/yoast-seo-wordpress\/ -->\n<title>Uforpligtende m\u00f8de om digital marketing | Iternum Digital<\/title>\n<meta name=\"description\" content=\"Book et uforpligtende m\u00f8de med vores specialister i digital marketing. F\u00e5 professionel sparring til jeres digitale strategi og kommunikation.\" \/>\n<meta name=\"robots\" content=\"index, follow, max-snippet:-1, max-image-preview:large, max-video-preview:-1\" \/>\n<link rel=\"canonical\" href=\"https:\/\/iternumdigital.com\/da\/book-et-moede\/\" \/>\n<meta property=\"og:locale\" content=\"da_DK\" \/>\n<meta property=\"og:type\" content=\"article\" \/>\n<meta property=\"og:title\" content=\"Uforpligtende m\u00f8de om digital marketing | Iternum Digital\" \/>\n<meta property=\"og:description\" content=\"Book et uforpligtende m\u00f8de med vores specialister i digital marketing. F\u00e5 professionel sparring til jeres digitale strategi og kommunikation.\" \/>\n<meta property=\"og:url\" content=\"https:\/\/iternumdigital.com\/da\/book-et-moede\/\" \/>\n<meta property=\"og:site_name\" content=\"Iternum Digital\" \/>\n<meta property=\"article:publisher\" content=\"https:\/\/www.facebook.com\/IternumDigital\" \/>\n<meta property=\"article:modified_time\" content=\"2025-07-18T09:01:51+00:00\" \/>\n<meta name=\"twitter:card\" content=\"summary_large_image\" \/>\n<script type=\"application\/ld+json\" class=\"yoast-schema-graph\">{\"@context\":\"https:\/\/schema.org\",\"@graph\":[{\"@type\":\"WebPage\",\"@id\":\"https:\/\/iternumdigital.com\/da\/book-et-moede\/\",\"url\":\"https:\/\/iternumdigital.com\/da\/book-et-moede\/\",\"name\":\"Uforpligtende m\u00f8de om digital marketing | Iternum Digital\",\"isPartOf\":{\"@id\":\"https:\/\/iternumdigital.com\/da\/#website\"},\"datePublished\":\"2025-06-16T08:56:05+00:00\",\"dateModified\":\"2025-07-18T09:01:51+00:00\",\"description\":\"Book et uforpligtende m\u00f8de med vores specialister i digital marketing. F\u00e5 professionel sparring til jeres digitale strategi og kommunikation.\",\"breadcrumb\":{\"@id\":\"https:\/\/iternumdigital.com\/da\/book-et-moede\/#breadcrumb\"},\"inLanguage\":\"da-DK\",\"potentialAction\":[{\"@type\":\"ReadAction\",\"target\":[\"https:\/\/iternumdigital.com\/da\/book-et-moede\/\"]}]},{\"@type\":\"BreadcrumbList\",\"@id\":\"https:\/\/iternumdigital.com\/da\/book-et-moede\/#breadcrumb\",\"itemListElement\":[{\"@type\":\"ListItem\",\"position\":1,\"name\":\"Home\",\"item\":\"https:\/\/iternumdigital.com\/da\/home-v2-da\/\"},{\"@type\":\"ListItem\",\"position\":2,\"name\":\"Book et m\u00f8de\"}]},{\"@type\":\"WebSite\",\"@id\":\"https:\/\/iternumdigital.com\/da\/#website\",\"url\":\"https:\/\/iternumdigital.com\/da\/\",\"name\":\"Digital & Creative Agency\",\"description\":\"\",\"publisher\":{\"@id\":\"https:\/\/iternumdigital.com\/da\/#organization\"},\"potentialAction\":[{\"@type\":\"SearchAction\",\"target\":{\"@type\":\"EntryPoint\",\"urlTemplate\":\"https:\/\/iternumdigital.com\/da\/?s={search_term_string}\"},\"query-input\":{\"@type\":\"PropertyValueSpecification\",\"valueRequired\":true,\"valueName\":\"search_term_string\"}}],\"inLanguage\":\"da-DK\"},{\"@type\":\"Organization\",\"@id\":\"https:\/\/iternumdigital.com\/da\/#organization\",\"name\":\"Digital & Creative Agency\",\"url\":\"https:\/\/iternumdigital.com\/da\/\",\"logo\":{\"@type\":\"ImageObject\",\"inLanguage\":\"da-DK\",\"@id\":\"https:\/\/iternumdigital.com\/da\/#\/schema\/logo\/image\/\",\"url\":\"https:\/\/iternumdigital.com\/wp-content\/uploads\/2023\/09\/IternumDigital_logo_sort_300.webp\",\"contentUrl\":\"https:\/\/iternumdigital.com\/wp-content\/uploads\/2023\/09\/IternumDigital_logo_sort_300.webp\",\"width\":300,\"height\":32,\"caption\":\"Digital & Creative Agency\"},\"image\":{\"@id\":\"https:\/\/iternumdigital.com\/da\/#\/schema\/logo\/image\/\"},\"sameAs\":[\"https:\/\/www.facebook.com\/IternumDigital\"]}]}<\/script>\n<!-- \/ Yoast SEO plugin. -->","yoast_head_json":{"title":"Uforpligtende m\u00f8de om digital marketing | Iternum Digital","description":"Book et uforpligtende m\u00f8de med vores specialister i digital marketing. F\u00e5 professionel sparring til jeres digitale strategi og kommunikation.","robots":{"index":"index","follow":"follow","max-snippet":"max-snippet:-1","max-image-preview":"max-image-preview:large","max-video-preview":"max-video-preview:-1"},"canonical":"https:\/\/iternumdigital.com\/da\/book-et-moede\/","og_locale":"da_DK","og_type":"article","og_title":"Uforpligtende m\u00f8de om digital marketing | Iternum Digital","og_description":"Book et uforpligtende m\u00f8de med vores specialister i digital marketing. F\u00e5 professionel sparring til jeres digitale strategi og kommunikation.","og_url":"https:\/\/iternumdigital.com\/da\/book-et-moede\/","og_site_name":"Iternum Digital","article_publisher":"https:\/\/www.facebook.com\/IternumDigital","article_modified_time":"2025-07-18T09:01:51+00:00","twitter_card":"summary_large_image","schema":{"@context":"https:\/\/schema.org","@graph":[{"@type":"WebPage","@id":"https:\/\/iternumdigital.com\/da\/book-et-moede\/","url":"https:\/\/iternumdigital.com\/da\/book-et-moede\/","name":"Uforpligtende m\u00f8de om digital marketing | Iternum Digital","isPartOf":{"@id":"https:\/\/iternumdigital.com\/da\/#website"},"datePublished":"2025-06-16T08:56:05+00:00","dateModified":"2025-07-18T09:01:51+00:00","description":"Book et uforpligtende m\u00f8de med vores specialister i digital marketing. F\u00e5 professionel sparring til jeres digitale strategi og kommunikation.","breadcrumb":{"@id":"https:\/\/iternumdigital.com\/da\/book-et-moede\/#breadcrumb"},"inLanguage":"da-DK","potentialAction":[{"@type":"ReadAction","target":["https:\/\/iternumdigital.com\/da\/book-et-moede\/"]}]},{"@type":"BreadcrumbList","@id":"https:\/\/iternumdigital.com\/da\/book-et-moede\/#breadcrumb","itemListElement":[{"@type":"ListItem","position":1,"name":"Home","item":"https:\/\/iternumdigital.com\/da\/home-v2-da\/"},{"@type":"ListItem","position":2,"name":"Book et m\u00f8de"}]},{"@type":"WebSite","@id":"https:\/\/iternumdigital.com\/da\/#website","url":"https:\/\/iternumdigital.com\/da\/","name":"Digital & Creative Agency","description":"","publisher":{"@id":"https:\/\/iternumdigital.com\/da\/#organization"},"potentialAction":[{"@type":"SearchAction","target":{"@type":"EntryPoint","urlTemplate":"https:\/\/iternumdigital.com\/da\/?s={search_term_string}"},"query-input":{"@type":"PropertyValueSpecification","valueRequired":true,"valueName":"search_term_string"}}],"inLanguage":"da-DK"},{"@type":"Organization","@id":"https:\/\/iternumdigital.com\/da\/#organization","name":"Digital & Creative Agency","url":"https:\/\/iternumdigital.com\/da\/","logo":{"@type":"ImageObject","inLanguage":"da-DK","@id":"https:\/\/iternumdigital.com\/da\/#\/schema\/logo\/image\/","url":"https:\/\/iternumdigital.com\/wp-content\/uploads\/2023\/09\/IternumDigital_logo_sort_300.webp","contentUrl":"https:\/\/iternumdigital.com\/wp-content\/uploads\/2023\/09\/IternumDigital_logo_sort_300.webp","width":300,"height":32,"caption":"Digital & Creative Agency"},"image":{"@id":"https:\/\/iternumdigital.com\/da\/#\/schema\/logo\/image\/"},"sameAs":["https:\/\/www.facebook.com\/IternumDigital"]}]}},"_links":{"self":[{"href":"https:\/\/iternumdigital.com\/da\/wp-json\/wp\/v2\/pages\/24275","targetHints":{"allow":["GET"]}}],"collection":[{"href":"https:\/\/iternumdigital.com\/da\/wp-json\/wp\/v2\/pages"}],"about":[{"href":"https:\/\/iternumdigital.com\/da\/wp-json\/wp\/v2\/types\/page"}],"author":[{"embeddable":true,"href":"https:\/\/iternumdigital.com\/da\/wp-json\/wp\/v2\/users\/4"}],"replies":[{"embeddable":true,"href":"https:\/\/iternumdigital.com\/da\/wp-json\/wp\/v2\/comments?post=24275"}],"version-history":[{"count":2,"href":"https:\/\/iternumdigital.com\/da\/wp-json\/wp\/v2\/pages\/24275\/revisions"}],"predecessor-version":[{"id":24887,"href":"https:\/\/iternumdigital.com\/da\/wp-json\/wp\/v2\/pages\/24275\/revisions\/24887"}],"wp:attachment":[{"href":"https:\/\/iternumdigital.com\/da\/wp-json\/wp\/v2\/media?parent=24275"}],"curies":[{"name":"wp","href":"https:\/\/api.w.org\/{rel}","templated":true}]}}