{"id":26195,"date":"2026-02-24T08:51:06","date_gmt":"2026-02-24T08:51:06","guid":{"rendered":"https:\/\/iternumdigital.com\/?page_id=26195"},"modified":"2026-02-24T09:27:28","modified_gmt":"2026-02-24T09:27:28","slug":"book-en-tracking-audit","status":"publish","type":"page","link":"https:\/\/iternumdigital.com\/da\/book-en-tracking-audit\/","title":{"rendered":"Book en tracking audit"},"content":{"rendered":"\t\t<div data-elementor-type=\"wp-page\" data-elementor-id=\"26195\" class=\"elementor elementor-26195 elementor-26178\" data-elementor-post-type=\"page\">\n\t\t\t\t<div class=\"elementor-element elementor-element-1a4cb980 e-con-full e-flex e-con e-parent\" data-id=\"1a4cb980\" data-element_type=\"container\" data-e-type=\"container\">\n\t\t<div class=\"elementor-element elementor-element-5d808215 e-con-full e-flex e-con e-child\" data-id=\"5d808215\" data-element_type=\"container\" data-e-type=\"container\">\n\t\t\t\t<div class=\"elementor-element elementor-element-69f25818 elementor-widget elementor-widget-text-editor\" data-id=\"69f25818\" data-element_type=\"widget\" data-e-type=\"widget\" data-widget_type=\"text-editor.default\">\n\t\t\t\t<div class=\"elementor-widget-container\">\n\t\t\t\t\t\t\t\t\t<h2>Hvad f\u00e5r du ud af gennemgangen?<\/h2><p><em>30 minutter der rykker din performance<\/em><\/p><p>Vi kigger enten p\u00e5 din eksisterende tracking-rapport eller foretager en hurtig screening af dit nuv\u00e6rende setup direkte p\u00e5 m\u00f8det. Du g\u00e5r herfra med: <\/p><ul><li>En <strong>identifikation<\/strong> af de kritiske fejl, der koster dig penge nu.<\/li><li>En <strong>prioriteret liste<\/strong> over, hvad der skal fixes f\u00f8rst (Server-side, Consent Mode etc.).<\/li><li>En <strong>vurdering<\/strong> af dit potentiale for \u00f8get ROAS gennem bedre data.<\/li><\/ul><p> <\/p><p><strong style=\"font-family: -apple-system, BlinkMacSystemFont, 'Segoe UI', Roboto, 'Helvetica Neue', Arial, 'Noto Sans', sans-serif, 'Apple Color Emoji', 'Segoe UI Emoji', 'Segoe UI Symbol', 'Noto Color Emoji';\">Udfyld formularen her p\u00e5 siden, s\u00e5 kontakter vi dig hurtigst muligt.<\/strong><\/p>\t\t\t\t\t\t\t\t<\/div>\n\t\t\t\t<\/div>\n\t\t\t\t<\/div>\n\t\t<div class=\"elementor-element elementor-element-76ca8644 e-con-full e-flex e-con e-child\" data-id=\"76ca8644\" data-element_type=\"container\" data-e-type=\"container\">\n\t\t<div class=\"elementor-element elementor-element-2d15c11d e-con-full e-flex e-con e-child\" data-id=\"2d15c11d\" data-element_type=\"container\" data-e-type=\"container\">\n\t\t<div class=\"elementor-element elementor-element-15125ed3 e-con-full e-flex e-con e-child\" data-id=\"15125ed3\" data-element_type=\"container\" data-e-type=\"container\" data-settings=\"{&quot;background_background&quot;:&quot;classic&quot;}\">\n\t\t\t\t<div class=\"elementor-element elementor-element-6231d45 elementor-widget__width-inherit elementor-widget elementor-widget-heading\" data-id=\"6231d45\" data-element_type=\"widget\" data-e-type=\"widget\" data-widget_type=\"heading.default\">\n\t\t\t\t<div class=\"elementor-widget-container\">\n\t\t\t\t\t<p class=\"elementor-heading-title elementor-size-default\">Book en audit \u2013 udfyld formularen herunder<\/p>\t\t\t\t<\/div>\n\t\t\t\t<\/div>\n\t\t\t\t<div class=\"elementor-element elementor-element-6803c590 jedv-enabled--yes elementor-widget elementor-widget-hubspot-form\" data-id=\"6803c590\" data-element_type=\"widget\" data-e-type=\"widget\" data-widget_type=\"hubspot-form.default\">\n\t\t\t\t<div class=\"elementor-widget-container\">\n\t\t\t\t\t\n\t\t\t\t\t\t<script>\n\t\t\t\t\t\t\twindow.hsFormsOnReady = window.hsFormsOnReady || [];\n\t\t\t\t\t\t\twindow.hsFormsOnReady.push(()=>{\n\t\t\t\t\t\t\t\thbspt.forms.create({\n\t\t\t\t\t\t\t\t\tportalId: 2514563,\n\t\t\t\t\t\t\t\t\tformId: \"b80129a7-135a-438b-abe3-84a09a85dcbf\",\n\t\t\t\t\t\t\t\t\ttarget: \"#hbspt-form-1776353736000-5029976490\",\n\t\t\t\t\t\t\t\t\tregion: \"na1\",\n\t\t\t\t\t\t\t\t\t\n\t\t\t\t\t\t\t})});\n\t\t\t\t\t\t<\/script>\n\t\t\t\t\t\t<div class=\"hbspt-form\" id=\"hbspt-form-1776353736000-5029976490\"><\/div>\t\t\t\t<\/div>\n\t\t\t\t<\/div>\n\t\t\t\t<\/div>\n\t\t\t\t<\/div>\n\t\t\t\t<\/div>\n\t\t\t\t<\/div>\n\t\t<div class=\"elementor-element elementor-element-5e1453b7 e-con-full e-flex e-con e-parent\" data-id=\"5e1453b7\" data-element_type=\"container\" data-e-type=\"container\">\n\t\t<div class=\"elementor-element elementor-element-6efa7e33 e-flex e-con-boxed e-con e-child\" data-id=\"6efa7e33\" data-element_type=\"container\" data-e-type=\"container\" data-settings=\"{&quot;background_background&quot;:&quot;classic&quot;}\">\n\t\t\t\t\t<div class=\"e-con-inner\">\n\t\t\t\t<div class=\"elementor-element elementor-element-2be30172 elementor-widget elementor-widget-image\" data-id=\"2be30172\" data-element_type=\"widget\" data-e-type=\"widget\" data-widget_type=\"image.default\">\n\t\t\t\t<div class=\"elementor-widget-container\">\n\t\t\t\t\t\t\t\t\t\t\t\t\t\t\t<img decoding=\"async\" width=\"150\" height=\"150\" src=\"https:\/\/iternumdigital.com\/wp-content\/uploads\/2024\/04\/medarbejderbillede-2024-Lana_endelig-150x150.jpg\" class=\"attachment-thumbnail size-thumbnail wp-image-9462\" alt=\"\" srcset=\"https:\/\/iternumdigital.com\/wp-content\/uploads\/2024\/04\/medarbejderbillede-2024-Lana_endelig-150x150.jpg 150w, https:\/\/iternumdigital.com\/wp-content\/uploads\/2024\/04\/medarbejderbillede-2024-Lana_endelig-400x400.jpg 400w\" sizes=\"(max-width: 150px) 100vw, 150px\" \/>\t\t\t\t\t\t\t\t\t\t\t\t\t\t\t<\/div>\n\t\t\t\t<\/div>\n\t\t\t\t<div class=\"elementor-element elementor-element-1da9945 elementor-blockquote--skin-clean elementor-blockquote--align-center elementor-widget elementor-widget-blockquote\" data-id=\"1da9945\" data-element_type=\"widget\" data-e-type=\"widget\" data-widget_type=\"blockquote.default\">\n\t\t\t\t<div class=\"elementor-widget-container\">\n\t\t\t\t\t\t\t<blockquote class=\"elementor-blockquote\">\n\t\t\t<p class=\"elementor-blockquote__content\">\n\t\t\t\tD\u00e5rlig tracking er den dyreste post i marketingbudgettet. Vi hj\u00e6lper dig med at f\u00e5 overblikket tilbage, s\u00e5 du kan skalere dine kampagner p\u00e5 et fundament af valide data. \t\t\t<\/p>\n\t\t\t\t\t\t\t<div class=\"e-q-footer\">\n\t\t\t\t\t\t\t\t\t\t\t<cite class=\"elementor-blockquote__author\">- Lana Hamawander, Head of Analytics &amp; CRO<\/cite>\n\t\t\t\t\t\t\t\t\t\t\t\t\t\t<\/div>\n\t\t\t\t\t<\/blockquote>\n\t\t\t\t\t\t<\/div>\n\t\t\t\t<\/div>\n\t\t\t\t\t<\/div>\n\t\t\t\t<\/div>\n\t\t\t\t<\/div>\n\t\t\t\t<\/div>\n\t\t","protected":false},"excerpt":{"rendered":"<p>Hvad f\u00e5r du ud af gennemgangen? 30 minutter der rykker din performance Vi kigger enten p\u00e5 din eksisterende tracking-rapport eller foretager en hurtig screening af dit nuv\u00e6rende setup direkte p\u00e5 m\u00f8det. Du g\u00e5r herfra med: En identifikation af de kritiske fejl, der koster dig penge nu. En prioriteret liste over, hvad der skal fixes f\u00f8rst [&hellip;]<\/p>\n","protected":false},"author":4,"featured_media":0,"parent":0,"menu_order":0,"comment_status":"closed","ping_status":"closed","template":"","meta":{"_acf_changed":false,"content-type":"","footnotes":""},"class_list":["post-26195","page","type-page","status-publish","hentry"],"acf":[],"yoast_head":"<!-- This site is optimized with the Yoast SEO plugin v27.0 - https:\/\/yoast.com\/product\/yoast-seo-wordpress\/ -->\n<title>F\u00e5 en 1:1 gennemgang af dit tracking-setup | Iternum Digital<\/title>\n<meta name=\"description\" content=\"Mister du data og ROAS p\u00e5 grund af d\u00e5rlig tracking? Book en uforpligtende gennemgang af dit setup (eller din rapport) og f\u00e5 en konkret plan for optimering.\" \/>\n<meta name=\"robots\" content=\"index, follow, max-snippet:-1, max-image-preview:large, max-video-preview:-1\" \/>\n<link rel=\"canonical\" href=\"https:\/\/iternumdigital.com\/da\/book-en-tracking-audit\/\" \/>\n<meta property=\"og:locale\" content=\"da_DK\" \/>\n<meta property=\"og:type\" content=\"article\" \/>\n<meta property=\"og:title\" content=\"F\u00e5 en 1:1 gennemgang af dit tracking-setup | Iternum Digital\" \/>\n<meta property=\"og:description\" content=\"Mister du data og ROAS p\u00e5 grund af d\u00e5rlig tracking? Book en uforpligtende gennemgang af dit setup (eller din rapport) og f\u00e5 en konkret plan for optimering.\" \/>\n<meta property=\"og:url\" content=\"https:\/\/iternumdigital.com\/da\/book-en-tracking-audit\/\" \/>\n<meta property=\"og:site_name\" content=\"Iternum Digital\" \/>\n<meta property=\"article:publisher\" content=\"https:\/\/www.facebook.com\/IternumDigital\" \/>\n<meta property=\"article:modified_time\" content=\"2026-02-24T09:27:28+00:00\" \/>\n<meta property=\"og:image\" content=\"https:\/\/iternumdigital.com\/wp-content\/uploads\/2024\/04\/medarbejderbillede-2024-Lana_endelig.jpg\" \/>\n\t<meta property=\"og:image:width\" content=\"700\" \/>\n\t<meta property=\"og:image:height\" content=\"867\" \/>\n\t<meta property=\"og:image:type\" content=\"image\/jpeg\" \/>\n<meta name=\"twitter:card\" content=\"summary_large_image\" \/>\n<meta name=\"twitter:label1\" content=\"Estimeret l\u00e6setid\" \/>\n\t<meta name=\"twitter:data1\" content=\"1 minut\" \/>\n<script type=\"application\/ld+json\" class=\"yoast-schema-graph\">{\"@context\":\"https:\/\/schema.org\",\"@graph\":[{\"@type\":\"WebPage\",\"@id\":\"https:\/\/iternumdigital.com\/da\/book-en-tracking-audit\/\",\"url\":\"https:\/\/iternumdigital.com\/da\/book-en-tracking-audit\/\",\"name\":\"F\u00e5 en 1:1 gennemgang af dit tracking-setup | Iternum Digital\",\"isPartOf\":{\"@id\":\"https:\/\/iternumdigital.com\/da\/#website\"},\"primaryImageOfPage\":{\"@id\":\"https:\/\/iternumdigital.com\/da\/book-en-tracking-audit\/#primaryimage\"},\"image\":{\"@id\":\"https:\/\/iternumdigital.com\/da\/book-en-tracking-audit\/#primaryimage\"},\"thumbnailUrl\":\"https:\/\/iternumdigital.com\/wp-content\/uploads\/2024\/04\/medarbejderbillede-2024-Lana_endelig-150x150.jpg\",\"datePublished\":\"2026-02-24T08:51:06+00:00\",\"dateModified\":\"2026-02-24T09:27:28+00:00\",\"description\":\"Mister du data og ROAS p\u00e5 grund af d\u00e5rlig tracking? Book en uforpligtende gennemgang af dit setup (eller din rapport) og f\u00e5 en konkret plan for optimering.\",\"breadcrumb\":{\"@id\":\"https:\/\/iternumdigital.com\/da\/book-en-tracking-audit\/#breadcrumb\"},\"inLanguage\":\"da-DK\",\"potentialAction\":[{\"@type\":\"ReadAction\",\"target\":[\"https:\/\/iternumdigital.com\/da\/book-en-tracking-audit\/\"]}]},{\"@type\":\"ImageObject\",\"inLanguage\":\"da-DK\",\"@id\":\"https:\/\/iternumdigital.com\/da\/book-en-tracking-audit\/#primaryimage\",\"url\":\"https:\/\/iternumdigital.com\/wp-content\/uploads\/2024\/04\/medarbejderbillede-2024-Lana_endelig-150x150.jpg\",\"contentUrl\":\"https:\/\/iternumdigital.com\/wp-content\/uploads\/2024\/04\/medarbejderbillede-2024-Lana_endelig-150x150.jpg\"},{\"@type\":\"BreadcrumbList\",\"@id\":\"https:\/\/iternumdigital.com\/da\/book-en-tracking-audit\/#breadcrumb\",\"itemListElement\":[{\"@type\":\"ListItem\",\"position\":1,\"name\":\"Home\",\"item\":\"https:\/\/iternumdigital.com\/da\/home-v2-da\/\"},{\"@type\":\"ListItem\",\"position\":2,\"name\":\"Book en tracking audit\"}]},{\"@type\":\"WebSite\",\"@id\":\"https:\/\/iternumdigital.com\/da\/#website\",\"url\":\"https:\/\/iternumdigital.com\/da\/\",\"name\":\"Digital & Creative Agency\",\"description\":\"\",\"publisher\":{\"@id\":\"https:\/\/iternumdigital.com\/da\/#organization\"},\"potentialAction\":[{\"@type\":\"SearchAction\",\"target\":{\"@type\":\"EntryPoint\",\"urlTemplate\":\"https:\/\/iternumdigital.com\/da\/?s={search_term_string}\"},\"query-input\":{\"@type\":\"PropertyValueSpecification\",\"valueRequired\":true,\"valueName\":\"search_term_string\"}}],\"inLanguage\":\"da-DK\"},{\"@type\":\"Organization\",\"@id\":\"https:\/\/iternumdigital.com\/da\/#organization\",\"name\":\"Digital & Creative Agency\",\"url\":\"https:\/\/iternumdigital.com\/da\/\",\"logo\":{\"@type\":\"ImageObject\",\"inLanguage\":\"da-DK\",\"@id\":\"https:\/\/iternumdigital.com\/da\/#\/schema\/logo\/image\/\",\"url\":\"https:\/\/iternumdigital.com\/wp-content\/uploads\/2023\/09\/IternumDigital_logo_sort_300.webp\",\"contentUrl\":\"https:\/\/iternumdigital.com\/wp-content\/uploads\/2023\/09\/IternumDigital_logo_sort_300.webp\",\"width\":300,\"height\":32,\"caption\":\"Digital & Creative Agency\"},\"image\":{\"@id\":\"https:\/\/iternumdigital.com\/da\/#\/schema\/logo\/image\/\"},\"sameAs\":[\"https:\/\/www.facebook.com\/IternumDigital\"]}]}<\/script>\n<!-- \/ Yoast SEO plugin. -->","yoast_head_json":{"title":"F\u00e5 en 1:1 gennemgang af dit tracking-setup | Iternum Digital","description":"Mister du data og ROAS p\u00e5 grund af d\u00e5rlig tracking? Book en uforpligtende gennemgang af dit setup (eller din rapport) og f\u00e5 en konkret plan for optimering.","robots":{"index":"index","follow":"follow","max-snippet":"max-snippet:-1","max-image-preview":"max-image-preview:large","max-video-preview":"max-video-preview:-1"},"canonical":"https:\/\/iternumdigital.com\/da\/book-en-tracking-audit\/","og_locale":"da_DK","og_type":"article","og_title":"F\u00e5 en 1:1 gennemgang af dit tracking-setup | Iternum Digital","og_description":"Mister du data og ROAS p\u00e5 grund af d\u00e5rlig tracking? Book en uforpligtende gennemgang af dit setup (eller din rapport) og f\u00e5 en konkret plan for optimering.","og_url":"https:\/\/iternumdigital.com\/da\/book-en-tracking-audit\/","og_site_name":"Iternum Digital","article_publisher":"https:\/\/www.facebook.com\/IternumDigital","article_modified_time":"2026-02-24T09:27:28+00:00","og_image":[{"width":700,"height":867,"url":"https:\/\/iternumdigital.com\/wp-content\/uploads\/2024\/04\/medarbejderbillede-2024-Lana_endelig.jpg","type":"image\/jpeg"}],"twitter_card":"summary_large_image","twitter_misc":{"Estimeret l\u00e6setid":"1 minut"},"schema":{"@context":"https:\/\/schema.org","@graph":[{"@type":"WebPage","@id":"https:\/\/iternumdigital.com\/da\/book-en-tracking-audit\/","url":"https:\/\/iternumdigital.com\/da\/book-en-tracking-audit\/","name":"F\u00e5 en 1:1 gennemgang af dit tracking-setup | Iternum Digital","isPartOf":{"@id":"https:\/\/iternumdigital.com\/da\/#website"},"primaryImageOfPage":{"@id":"https:\/\/iternumdigital.com\/da\/book-en-tracking-audit\/#primaryimage"},"image":{"@id":"https:\/\/iternumdigital.com\/da\/book-en-tracking-audit\/#primaryimage"},"thumbnailUrl":"https:\/\/iternumdigital.com\/wp-content\/uploads\/2024\/04\/medarbejderbillede-2024-Lana_endelig-150x150.jpg","datePublished":"2026-02-24T08:51:06+00:00","dateModified":"2026-02-24T09:27:28+00:00","description":"Mister du data og ROAS p\u00e5 grund af d\u00e5rlig tracking? Book en uforpligtende gennemgang af dit setup (eller din rapport) og f\u00e5 en konkret plan for optimering.","breadcrumb":{"@id":"https:\/\/iternumdigital.com\/da\/book-en-tracking-audit\/#breadcrumb"},"inLanguage":"da-DK","potentialAction":[{"@type":"ReadAction","target":["https:\/\/iternumdigital.com\/da\/book-en-tracking-audit\/"]}]},{"@type":"ImageObject","inLanguage":"da-DK","@id":"https:\/\/iternumdigital.com\/da\/book-en-tracking-audit\/#primaryimage","url":"https:\/\/iternumdigital.com\/wp-content\/uploads\/2024\/04\/medarbejderbillede-2024-Lana_endelig-150x150.jpg","contentUrl":"https:\/\/iternumdigital.com\/wp-content\/uploads\/2024\/04\/medarbejderbillede-2024-Lana_endelig-150x150.jpg"},{"@type":"BreadcrumbList","@id":"https:\/\/iternumdigital.com\/da\/book-en-tracking-audit\/#breadcrumb","itemListElement":[{"@type":"ListItem","position":1,"name":"Home","item":"https:\/\/iternumdigital.com\/da\/home-v2-da\/"},{"@type":"ListItem","position":2,"name":"Book en tracking audit"}]},{"@type":"WebSite","@id":"https:\/\/iternumdigital.com\/da\/#website","url":"https:\/\/iternumdigital.com\/da\/","name":"Digital & Creative Agency","description":"","publisher":{"@id":"https:\/\/iternumdigital.com\/da\/#organization"},"potentialAction":[{"@type":"SearchAction","target":{"@type":"EntryPoint","urlTemplate":"https:\/\/iternumdigital.com\/da\/?s={search_term_string}"},"query-input":{"@type":"PropertyValueSpecification","valueRequired":true,"valueName":"search_term_string"}}],"inLanguage":"da-DK"},{"@type":"Organization","@id":"https:\/\/iternumdigital.com\/da\/#organization","name":"Digital & Creative Agency","url":"https:\/\/iternumdigital.com\/da\/","logo":{"@type":"ImageObject","inLanguage":"da-DK","@id":"https:\/\/iternumdigital.com\/da\/#\/schema\/logo\/image\/","url":"https:\/\/iternumdigital.com\/wp-content\/uploads\/2023\/09\/IternumDigital_logo_sort_300.webp","contentUrl":"https:\/\/iternumdigital.com\/wp-content\/uploads\/2023\/09\/IternumDigital_logo_sort_300.webp","width":300,"height":32,"caption":"Digital & Creative Agency"},"image":{"@id":"https:\/\/iternumdigital.com\/da\/#\/schema\/logo\/image\/"},"sameAs":["https:\/\/www.facebook.com\/IternumDigital"]}]}},"_links":{"self":[{"href":"https:\/\/iternumdigital.com\/da\/wp-json\/wp\/v2\/pages\/26195","targetHints":{"allow":["GET"]}}],"collection":[{"href":"https:\/\/iternumdigital.com\/da\/wp-json\/wp\/v2\/pages"}],"about":[{"href":"https:\/\/iternumdigital.com\/da\/wp-json\/wp\/v2\/types\/page"}],"author":[{"embeddable":true,"href":"https:\/\/iternumdigital.com\/da\/wp-json\/wp\/v2\/users\/4"}],"replies":[{"embeddable":true,"href":"https:\/\/iternumdigital.com\/da\/wp-json\/wp\/v2\/comments?post=26195"}],"version-history":[{"count":6,"href":"https:\/\/iternumdigital.com\/da\/wp-json\/wp\/v2\/pages\/26195\/revisions"}],"predecessor-version":[{"id":26207,"href":"https:\/\/iternumdigital.com\/da\/wp-json\/wp\/v2\/pages\/26195\/revisions\/26207"}],"wp:attachment":[{"href":"https:\/\/iternumdigital.com\/da\/wp-json\/wp\/v2\/media?parent=26195"}],"curies":[{"name":"wp","href":"https:\/\/api.w.org\/{rel}","templated":true}]}}